{"id":185,"date":"2019-01-31T17:37:49","date_gmt":"2019-01-31T16:37:49","guid":{"rendered":"http:\/\/potravinarstvo.com\/prax\/?page_id=185"},"modified":"2023-05-09T13:33:05","modified_gmt":"2023-05-09T11:33:05","slug":"dokumenty","status":"publish","type":"page","link":"https:\/\/potravinarstvo.sk\/prax\/dokumenty\/","title":{"rendered":"Dokumenty"},"content":{"rendered":"<p>Na str\u00e1nke s praxou s\u00fa pre V\u00e1s k dispoz\u00edcii organiz\u00e1cie, ktor\u00e9 pon\u00fakaj\u00fa prax \u0161tudentom po\u010das roka pod\u013ea dostupn\u00fdch kapac\u00edt, pre bli\u017e\u0161ie inform\u00e1cie s\u00fa pre V\u00e1s k dispoz\u00edcii kontaktn\u00e9 emaile na osoby v jednotliv\u00fdch organiz\u00e1ci\u00e1ch. Popros\u00edm V\u00e1s pre ich kontaktovanie vyu\u017e\u00edvajte len pracovn\u00e9 dni: pondelok \u2013 piatok v \u010dase od 08,00 -16,00 hod.<\/p>\n<p>\u0160tudent u\u017e nevypracov\u00e1va spr\u00e1vu z praxe, ale vedie si doch\u00e1dzku z praxe bu\u010f cez mobiln\u00fa aplik\u00e1ciu alebo google formul\u00e1r: Z\u00e1znam z praxe.<\/p>\n<p>Po absolvovan\u00ed praxe bezprostredne za\u0161le \u0161tudent vyplnen\u00fd naskenovan\u00fd\/odfoten\u00fd Hodnotiaci dotazn\u00edk z praxe cez link:<\/p>\n<p>https:\/\/forms.office.com\/Pages\/ResponsePage.aspx?id=7hqAVcvMxUaIDNb2xGA_QkA4UXoeHhpIsy0V6cg5LY9URFlWQUQ5U0c3QzdGMk5NS1M4QjlaUlA5Qi4u<\/p>\n<p>Postup \u0161tudenta pre zabezpe\u010denie praxe<\/p>\n<div class='w3eden'><!-- WPDM Link Template: Default Template -->\n\n<div class=\"link-template-default card mb-2\">\n    <div class=\"card-body\">\n        <div class=\"media\">\n            <div class=\"mr-3 img-48\"><img decoding=\"async\" class=\"wpdm_icon\" alt=\"Ikona\" src=\"https:\/\/potravinarstvo.sk\/prax\/wp-content\/plugins\/download-manager\/assets\/file-type-icons\/docx.svg\" \/><\/div>\n            <div class=\"media-body\">\n                <h3 class=\"package-title\"><a href='https:\/\/potravinarstvo.sk\/prax\/download\/postup-studenta-pre-zabezpecenie-praxe\/'>Postup \u0161tudenta pre zabezpe\u010denie praxe<\/a><\/h3>\n                <div class=\"text-muted text-small\"><i class=\"fas fa-copy\"><\/i> 1 s\u00fabor(y) <i class=\"fas fa-hdd ml-3\"><\/i> 16 KB<\/div>\n            <\/div>\n            <div class=\"ml-3\">\n                <a class='wpdm-download-link download-on-click btn btn-primary ' rel='nofollow' href='#' data-downloadurl=\"https:\/\/potravinarstvo.sk\/prax\/download\/postup-studenta-pre-zabezpecenie-praxe\/?wpdmdl=1519&refresh=69f28294d71971777500820\">Stiahnu\u0165<\/a>\n            <\/div>\n        <\/div>\n    <\/div>\n<\/div>\n\n<\/div>\n<p>Dohoda o prev\u00e1dzkovej (odbornej) praxi<\/p>\n<p>Podp\u00edsan\u00fa dohodu o praxi si \u0161tudent m\u00f4\u017ee prevzia\u0165 na <b>Oddelen\u00ed pre \u0161t\u00fadium a vzdel\u00e1vanie FBP.<\/b><\/p>\n<div class='w3eden'><!-- WPDM Link Template: Default Template -->\n\n<div class=\"link-template-default card mb-2\">\n    <div class=\"card-body\">\n        <div class=\"media\">\n            <div class=\"mr-3 img-48\"><img decoding=\"async\" class=\"wpdm_icon\" alt=\"Ikona\" src=\"https:\/\/potravinarstvo.sk\/prax\/wp-content\/plugins\/download-manager\/assets\/file-type-icons\/pdf.svg\" \/><\/div>\n            <div class=\"media-body\">\n                <h3 class=\"package-title\"><a href='https:\/\/potravinarstvo.sk\/prax\/download\/dohoda-o-prevadzkovej-odbornej-praxi-studenta-sk\/'>DOHODA o prev\u00e1dzkovej (odbornej) praxi \u0161tudenta SK<\/a><\/h3>\n                <div class=\"text-muted text-small\"><i class=\"fas fa-copy\"><\/i> 1 s\u00fabor(y) <i class=\"fas fa-hdd ml-3\"><\/i> 389.03 KB<\/div>\n            <\/div>\n            <div class=\"ml-3\">\n                <a class='wpdm-download-link download-on-click btn btn-primary ' rel='nofollow' href='#' data-downloadurl=\"https:\/\/potravinarstvo.sk\/prax\/download\/dohoda-o-prevadzkovej-odbornej-praxi-studenta-sk\/?wpdmdl=652&refresh=69f28294db6bc1777500820\">Stiahnu\u0165<\/a>\n            <\/div>\n        <\/div>\n    <\/div>\n<\/div>\n\n<\/div>\n<div class='w3eden'><!-- WPDM Link Template: Default Template -->\n\n<div class=\"link-template-default card mb-2\">\n    <div class=\"card-body\">\n        <div class=\"media\">\n            <div class=\"mr-3 img-48\"><img decoding=\"async\" class=\"wpdm_icon\" alt=\"Ikona\" src=\"https:\/\/potravinarstvo.sk\/prax\/wp-content\/plugins\/download-manager\/assets\/file-type-icons\/pdf.svg\" \/><\/div>\n            <div class=\"media-body\">\n                <h3 class=\"package-title\"><a href='https:\/\/potravinarstvo.sk\/prax\/download\/agreement-on-working-professional-practice-of-the-student-en\/'>AGREEMENT on working (professional) practice of the student - EN<\/a><\/h3>\n                <div class=\"text-muted text-small\"><i class=\"fas fa-copy\"><\/i> 1 s\u00fabor(y) <i class=\"fas fa-hdd ml-3\"><\/i> 58.00 KB<\/div>\n            <\/div>\n            <div class=\"ml-3\">\n                <a class='wpdm-download-link download-on-click btn btn-primary ' rel='nofollow' href='#' data-downloadurl=\"https:\/\/potravinarstvo.sk\/prax\/download\/agreement-on-working-professional-practice-of-the-student-en\/?wpdmdl=654&refresh=69f28294def281777500820\">Stiahnu\u0165<\/a>\n            <\/div>\n        <\/div>\n    <\/div>\n<\/div>\n\n<\/div>\n<p>S BOZP pokynmi V\u00e1s obozn\u00e1mi na svojom pracovisku organiz\u00e1tor praxe. Tento dokument sl\u00fa\u017ei ako preh\u013ead hlavn\u00fdch z\u00e1sad dodr\u017eiavania bezpe\u010dnosti pr\u00e1ce na pracovisku:<\/p>\n<div class='w3eden'><!-- WPDM Link Template: Default Template -->\n\n<div class=\"link-template-default card mb-2\">\n    <div class=\"card-body\">\n        <div class=\"media\">\n            <div class=\"mr-3 img-48\"><img decoding=\"async\" class=\"wpdm_icon\" alt=\"Ikona\" src=\"https:\/\/potravinarstvo.sk\/prax\/wp-content\/plugins\/download-manager\/assets\/file-type-icons\/docx.svg\" \/><\/div>\n            <div class=\"media-body\">\n                <h3 class=\"package-title\"><a href='https:\/\/potravinarstvo.sk\/prax\/download\/oboznamenie-s-bozp-na-pracovisku\/'>Obozn\u00e1menie s BOZP na pracovisku<\/a><\/h3>\n                <div class=\"text-muted text-small\"><i class=\"fas fa-copy\"><\/i> 1 s\u00fabor(y) <i class=\"fas fa-hdd ml-3\"><\/i> 26.39 KB<\/div>\n            <\/div>\n            <div class=\"ml-3\">\n                <a class='wpdm-download-link download-on-click btn btn-primary ' rel='nofollow' href='#' data-downloadurl=\"https:\/\/potravinarstvo.sk\/prax\/download\/oboznamenie-s-bozp-na-pracovisku\/?wpdmdl=712&refresh=69f28294e35e11777500820\">Stiahnu\u0165<\/a>\n            <\/div>\n        <\/div>\n    <\/div>\n<\/div>\n\n<\/div>\n<div class='w3eden'><!-- WPDM Link Template: Default Template -->\n\n<div class=\"link-template-default card mb-2\">\n    <div class=\"card-body\">\n        <div class=\"media\">\n            <div class=\"mr-3 img-48\"><img decoding=\"async\" class=\"wpdm_icon\" alt=\"Ikona\" src=\"https:\/\/potravinarstvo.sk\/prax\/wp-content\/plugins\/download-manager\/assets\/file-type-icons\/docx.svg\" \/><\/div>\n            <div class=\"media-body\">\n                <h3 class=\"package-title\"><a href='https:\/\/potravinarstvo.sk\/prax\/download\/hodnotiaci-dotaznik-z-praxe\/'>Hodnotiaci dotazn\u00edk z praxe<\/a><\/h3>\n                <div class=\"text-muted text-small\"><i class=\"fas fa-copy\"><\/i> 1 s\u00fabor(y) <i class=\"fas fa-hdd ml-3\"><\/i> 26.65 KB<\/div>\n            <\/div>\n            <div class=\"ml-3\">\n                <a class='wpdm-download-link download-on-click btn btn-primary ' rel='nofollow' href='#' data-downloadurl=\"https:\/\/potravinarstvo.sk\/prax\/download\/hodnotiaci-dotaznik-z-praxe\/?wpdmdl=657&refresh=69f28294e79e01777500820\">Stiahnu\u0165<\/a>\n            <\/div>\n        <\/div>\n    <\/div>\n<\/div>\n\n<\/div>\n<div class='w3eden'><!-- WPDM Link Template: Default Template -->\n\n<div class=\"link-template-default card mb-2\">\n    <div class=\"card-body\">\n        <div class=\"media\">\n            <div class=\"mr-3 img-48\"><img decoding=\"async\" class=\"wpdm_icon\" alt=\"Ikona\" src=\"https:\/\/potravinarstvo.sk\/prax\/wp-content\/plugins\/download-manager\/assets\/file-type-icons\/docx.svg\" \/><\/div>\n            <div class=\"media-body\">\n                <h3 class=\"package-title\"><a href='https:\/\/potravinarstvo.sk\/prax\/download\/mobilna-aplikacia-na-vedenie-zaznamu-o-dochadzke-na-praxi\/'>Mobiln\u00e1 aplik\u00e1cia na vedenie z\u00e1znamu o doch\u00e1dzke na praxi<\/a><\/h3>\n                <div class=\"text-muted text-small\"><i class=\"fas fa-copy\"><\/i> 1 s\u00fabor(y) <i class=\"fas fa-hdd ml-3\"><\/i> 315.31 KB<\/div>\n            <\/div>\n            <div class=\"ml-3\">\n                <a class='wpdm-download-link download-on-click btn btn-primary ' rel='nofollow' href='#' data-downloadurl=\"https:\/\/potravinarstvo.sk\/prax\/download\/mobilna-aplikacia-na-vedenie-zaznamu-o-dochadzke-na-praxi\/?wpdmdl=665&refresh=69f28294eb7ec1777500820\">Stiahnu\u0165<\/a>\n            <\/div>\n        <\/div>\n    <\/div>\n<\/div>\n\n<\/div>\n<p>&#8230;&#8230;&#8230;&#8230;&#8230;&#8230;&#8230;&#8230;&#8230;&#8230;&#8230;&#8230;&#8230;&#8230;&#8230;&#8230;&#8230;&#8230;&#8230;&#8230;&#8230;&#8230;&#8230;&#8230;<\/p>\n<h2><a href=\"https:\/\/forms.office.com\/Pages\/ResponsePage.aspx?id=7hqAVcvMxUaIDNb2xGA_QkA4UXoeHhpIsy0V6cg5LY9UODBQVU9TOFUzTEFSSFZSOFUwOUlPWDM0US4u\"><strong>OZN\u00c1MENIE O D\u00c1TUME A MIESTE PRAXE <\/strong><\/a><\/h2>\n<p><strong>(vypln\u00ed \u0161tudent pred absolvovan\u00edm praxe, ak nepou\u017e\u00edva mobiln\u00fa aplik\u00e1ciu)<\/strong><\/p>\n<h2><strong><a href=\"https:\/\/forms.office.com\/Pages\/ResponsePage.aspx?id=7hqAVcvMxUaIDNb2xGA_QkA4UXoeHhpIsy0V6cg5LY9UODhOTU5OVEFXRlVCSExMM084UE8wTVlVMC4u\">Z\u00c1ZNAM Z PRAXE<\/a><\/strong><\/h2>\n<p><strong>(vypln\u00ed \u0161tudent na konci pracovn\u00e9ho d\u0148a, ak nepou\u017e\u00edva mobiln\u00fa aplik\u00e1ciu)<\/strong><\/p>\n","protected":false},"excerpt":{"rendered":"<p>Na str\u00e1nke s praxou s\u00fa pre V\u00e1s k dispoz\u00edcii organiz\u00e1cie, ktor\u00e9 pon\u00fakaj\u00fa prax \u0161tudentom po\u010das roka pod\u013ea dostupn\u00fdch kapac\u00edt, pre bli\u017e\u0161ie inform\u00e1cie s\u00fa pre V\u00e1s k dispoz\u00edcii kontaktn\u00e9 emaile na osoby v jednotliv\u00fdch organiz\u00e1ci\u00e1ch. Popros\u00edm V\u00e1s pre ich kontaktovanie vyu\u017e\u00edvajte len pracovn\u00e9 dni: pondelok \u2013 piatok v \u010dase od 08,00 -16,00 hod. \u0160tudent u\u017e nevypracov\u00e1va [&hellip;]<\/p>\n","protected":false},"author":1,"featured_media":0,"parent":0,"menu_order":0,"comment_status":"closed","ping_status":"closed","template":"","meta":{"footnotes":""},"class_list":["post-185","page","type-page","status-publish","hentry"],"_links":{"self":[{"href":"https:\/\/potravinarstvo.sk\/prax\/wp-json\/wp\/v2\/pages\/185","targetHints":{"allow":["GET"]}}],"collection":[{"href":"https:\/\/potravinarstvo.sk\/prax\/wp-json\/wp\/v2\/pages"}],"about":[{"href":"https:\/\/potravinarstvo.sk\/prax\/wp-json\/wp\/v2\/types\/page"}],"author":[{"embeddable":true,"href":"https:\/\/potravinarstvo.sk\/prax\/wp-json\/wp\/v2\/users\/1"}],"replies":[{"embeddable":true,"href":"https:\/\/potravinarstvo.sk\/prax\/wp-json\/wp\/v2\/comments?post=185"}],"version-history":[{"count":38,"href":"https:\/\/potravinarstvo.sk\/prax\/wp-json\/wp\/v2\/pages\/185\/revisions"}],"predecessor-version":[{"id":2330,"href":"https:\/\/potravinarstvo.sk\/prax\/wp-json\/wp\/v2\/pages\/185\/revisions\/2330"}],"wp:attachment":[{"href":"https:\/\/potravinarstvo.sk\/prax\/wp-json\/wp\/v2\/media?parent=185"}],"curies":[{"name":"wp","href":"https:\/\/api.w.org\/{rel}","templated":true}]}}