{"id":414,"date":"2019-02-03T19:29:29","date_gmt":"2019-02-03T18:29:29","guid":{"rendered":"http:\/\/potravinarstvo.com\/prax\/?page_id=414"},"modified":"2023-05-02T14:57:15","modified_gmt":"2023-05-02T12:57:15","slug":"podmienky","status":"publish","type":"page","link":"https:\/\/potravinarstvo.sk\/prax\/podmienky\/","title":{"rendered":"Podmienky"},"content":{"rendered":"<p>Dotknut\u00e1 osoba:<\/p>\n<ul>\n<li>Organiz\u00e1tor udalosti (praxe, exkurzie, pracovnej ponuky) a<\/li>\n<li>\u0161tudent SPU v Nitre.<\/li>\n<\/ul>\n<p>Dotknut\u00e1 osoba v s\u00falade so Z\u00e1konom \u010d. 18\/2018 Z.z. o ochrane osobn\u00fdch \u00fadajov v znen\u00ed neskor\u0161\u00edch predpisov, Smernicou Eur\u00f3pskeho parlamentu a Rady (E\u00da) 2016\/680 z 27. apr\u00edla 2016 o ochrane fyzick\u00fdch os\u00f4b pri sprac\u00favan\u00ed osobn\u00fdch \u00fadajov pr\u00edslu\u0161n\u00fdmi org\u00e1nmi na \u00fa\u010dely predch\u00e1dzania trestn\u00fdm \u010dinom, ich vy\u0161etrovania, odha\u013eovania alebo st\u00edhania alebo na \u00fa\u010dely v\u00fdkonu trestn\u00fdch sankci\u00ed a o vo\u013enom pohybe tak\u00fdchto \u00fadajov a o zru\u0161en\u00ed r\u00e1mcov\u00e9ho rozhodnutia Rady 2008\/977\/SVV, Nariaden\u00edm Eur\u00f3pskeho parlamentu a Rady (E\u00da) 2016\/679 z 27. apr\u00edla 2016 o ochrane fyzick\u00fdch os\u00f4b pri sprac\u00favan\u00ed osobn\u00fdch \u00fadajov a o vo\u013enom pohybe tak\u00fdchto \u00fadajov, ktor\u00fdm sa zru\u0161uje smernica 95\/46\/ES (v\u0161eobecn\u00e9 nariadenie o ochrane \u00fadajov) d\u00e1vam s\u00fahlas Prev\u00e1dzkovate\u013eovi tejto internetovej str\u00e1nky http:\/\/potravinarstvo.sk\/prax a internetovej str\u00e1nky http:\/\/online.haccp.sk (Zdru\u017eenie HACCP Consulting so s\u00eddlom: Slivkov\u00e1 12, 951 01 Nitrianske Hrn\u010diarovce, I\u010cO 41062191, DI\u010c 107111818063), na spracovanie mojich osobn\u00fdch \u00fadajov pre \u00fa\u010dely zabezpe\u010denia poskytovan\u00fdch slu\u017eieb pre Fakultu biotechnol\u00f3gie a potravin\u00e1rstva SPU v Nitre. Tento s\u00fahlas plat\u00ed po\u010das trvania poskytovan\u00fdch slu\u017eieb, ako aj po\u010das n\u00e1slednej archiv\u00e1cie predlo\u017een\u00fdch osobn\u00fdch materi\u00e1lov. Som si vedom\u00fd\/\u00e1, \u017ee s\u00fahlas na spracovanie mojich osobn\u00fdch \u00fadajov m\u00f4\u017eem kedyko\u013evek p\u00edsomne odvola\u0165. Uveden\u00e9 \u00fadaje s\u00fa d\u00f4vern\u00e9 a v zmysle platn\u00fdch pr\u00e1vnych predpisov m\u00f4\u017eu by\u0165 poskytnut\u00e9 Ministerstvu \u0161kolstva, \u0161portu, vedy a v\u00fdskumu SR. Z\u00e1rove\u0148 beriem na vedomie, \u017ee spracovan\u00e9 \u00fadaje bud\u00fa archivovan\u00e9 a likvidovan\u00e9 v s\u00falade s platn\u00fdmi predpismi Slovenskej republiky a s platn\u00fdmi predpismi ES\/E\u00da.<\/p>\n<p>Slu\u017eby poskytovan\u00e9 Prev\u00e1dzkovate\u013eom na internetovej str\u00e1nke http:\/\/potravinarstvo.sk\/prax s\u00fa:<\/p>\n<ul>\n<li>pridanie inzer\u00e1tu (udalosti: prax, exkurzia, pracovn\u00e1 ponuka),<\/li>\n<li>vyh\u013ead\u00e1vanie pon\u00fak udalost\u00ed,<\/li>\n<li>vedenie z\u00e1znamu o prihl\u00e1sen\u00ed sa na udalos\u0165 prostredn\u00edctvom google formul\u00e1ru.<\/li>\n<\/ul>\n<p>Slu\u017eby poskytovan\u00e9 prev\u00e1dzkovate\u013eom na internetovej str\u00e1nke http:\/\/online.haccp.sk s\u00fa:<\/p>\n<ul>\n<li>evidencia doch\u00e1dzky \u0161tudentov na praxi prostredn\u00edctvom mobilnej aplik\u00e1cie Proce55 spolo\u010dnosti East Gate, a.s. v r\u00e1mci ktorej \u0161tudent pou\u017e\u00edva formul\u00e1r na vedenie doch\u00e1dzky od HACCP Consulting.<\/li>\n<li>\u00dadaje zaznamen\u00e1van\u00e9 pomocou formul\u00e1ra s\u00fa nasledovn\u00e9:\n<ul>\n<li>UIS \u010d\u00edslo \u0161tudenta (povinn\u00e9),<\/li>\n<li>meno a priezvisko (dobrovo\u013en\u00e9),<\/li>\n<li>d\u00e1tum a \u010das za\u010datia pracovnej \u010dinnosti (povinn\u00e9),<\/li>\n<li>d\u00e1tum a \u010das ukon\u010denia pracovnej \u010dinnosti (povinn\u00e9),<\/li>\n<li>telef\u00f3ne \u010d\u00edslo (povinn\u00e9),<\/li>\n<li>ID \u010d\u00edslo in\u0161tal\u00e1cie aplik\u00e1cie (automaticky),<\/li>\n<li>GPS koordin\u00e1ty miesta v\u00fdkonu praxe u Organiz\u00e1tora praxe (povinn\u00e9),<\/li>\n<li>GPS koordin\u00e1ty v pr\u00edpade v\u00fdkonu pr\u00e1ce doma, tzv. HOME OFICE (nezaznamen\u00e1vaj\u00fa sa).<\/li>\n<\/ul>\n<\/li>\n<\/ul>\n<p>\u017diadosti:<\/p>\n<ul>\n<li>\u017diados\u0165 o poskytnutie inform\u00e1cie o tom ak\u00e9 osobn\u00e9 \u00fadaje\u00a0 Dotknutej osoby s\u00fa ulo\u017een\u00e9 na internetovej str\u00e1nke:\u00a0<strong>http:\/\/potravinarstvo.sk\/prax<\/strong>\u00a0 a\u00a0<strong>http:\/\/online.haccp.sk <\/strong>a<\/li>\n<li>\u017eiados\u0165 o anonymiz\u00e1ciu osobn\u00fdch \u00fadajov Dotknutej osoby,<\/li>\n<\/ul>\n<p>adresujte na E-mailov\u00fa adresu: <strong>miroslav.krocko@uniag.sk<\/strong><\/p>\n<p>Pr\u00edpadn\u00e9 ot\u00e1zky oh\u013eadom osobn\u00fdch \u00fadajov m\u00f4\u017eete adresova\u0165 aj na adresu:<\/p>\n<p><strong>FAKULTA BIOTECHNOL\u00d3GIE A POTRAVIN\u00c1RSTVA SPU V NITRE<\/strong><br \/>\n<strong>Tr. A. Hlinku 2,<\/strong><br \/>\n<strong>949 76 Nitra<\/strong><\/p>\n<p>Tel.:037\/641 5524<br \/>\nFax: 037\/641 5387<\/p>\n<p>e-mail: studfbp@uniag.sk<\/p>\n<p><strong>Upozornenie:<\/strong><\/p>\n<ul>\n<li>Osobn\u00e9 \u00fadaje \u0161tudenta bud\u00fa automaticky vymazan\u00e9 z datab\u00e1zy <strong>http:\/\/online.haccp.sk\u00a0<\/strong>tri roky po ukon\u010den\u00ed \u0161t\u00fadia.<\/li>\n<\/ul>\n<p><strong>Copyright:<\/strong><\/p>\n<ul>\n<li>Obsah tejto internetovej str\u00e1nky, vr\u00e1tane datab\u00e1zy podlieha autorsk\u00fdm pr\u00e1vam \u00a9 2019 zdru\u017eenia HACCP Consulting a nesmie by\u0165 v akejko\u013evek podobe pou\u017e\u00edvan\u00fd na internetov\u00fdch str\u00e1nkach tret\u00edch spolo\u010dnost\u00ed bez p\u00edsomn\u00e9ho s\u00fahlasu zdru\u017eenia HACCP Consulting.<\/li>\n<\/ul>\n<p><strong>Zodpovednos\u0165 Prev\u00e1dzkovate\u013ea<\/strong><\/p>\n<ol>\n<li>Prev\u00e1dzkovate\u013e zodpoved\u00e1 za zabezpe\u010denie obsahu internetovej str\u00e1nky pred \u0161kodliv\u00fdmi k\u00f3dmi, v\u00edrusmi a \u00fatokmi.<\/li>\n<li>Prev\u00e1dzkovate\u013e zodpoved\u00e1 za neposkytnutie osobn\u00fdch \u00fadajov Dotknutej osoby tret\u00edm stran\u00e1m.<\/li>\n<\/ol>\n<p><strong>Obmedzenie zodpovednosti Prev\u00e1dzkovate\u013ea<\/strong><\/p>\n<ol>\n<li>Prev\u00e1dzkovate\u013e nie je zodpovedn\u00fd za ak\u00e9ko\u013evek priame \u010di nepriame \u0161kody sp\u00f4soben\u00e9 poskytnut\u00edm slu\u017eieb poskytovan\u00fdch prostredn\u00edctvom internetovej str\u00e1nky <strong>http:\/\/potravinarstvo.sk\/prax<\/strong>\u00a0 a\u00a0<strong>http:\/\/online.haccp.sk<\/strong><\/li>\n<li>Prev\u00e1dzkovate\u013e nie je zodpovedn\u00fd za ak\u00e9ko\u013evek priame \u010di nepriame \u0161kody sp\u00f4soben\u00e9 zverejnen\u00edm inform\u00e1ci\u00ed, ktor\u00e9 uvedie Organiz\u00e1tor udalosti na internetovej str\u00e1nke\u00a0<strong>http:\/\/potravinarstvo.sk\/prax<\/strong>\u00a0 a\u00a0<strong>http:\/\/online.haccp.sk<\/strong><\/li>\n<li>Prev\u00e1dzkovate\u013e nie je zodpovedn\u00fd nezodpoved\u00e1 za spr\u00e1vnos\u0165 a \u00faplnos\u0165 inform\u00e1ci\u00ed umiestnen\u00fdch na Webov\u00fdch str\u00e1nkach a neposkytuje \u017eiadnu z\u00e1ruku pri pou\u017e\u00edvan\u00ed tak\u00fdch inform\u00e1ci\u00ed na pr\u00edslu\u0161n\u00fd \u00fa\u010del.<\/li>\n<li>Prev\u00e1dzkovate\u013e nie je zodpovedn\u00fd za \u0161kodu, ktor\u00e1 m\u00f4\u017ee Dotknut\u00fdm osob\u00e1m, pou\u017e\u00edvate\u013eom\u00a0 alebo ak\u00fdmko\u013evek tret\u00edm osob\u00e1m vznikn\u00fa\u0165 pou\u017e\u00edvan\u00edm webov\u00fdch str\u00e1nok, vr\u00e1tane u\u0161l\u00e9ho zisku alebo straty dobr\u00e9ho mena.<\/li>\n<\/ol>\n<p>V Nitre d\u0148a 14.2.2019<\/p>\n","protected":false},"excerpt":{"rendered":"<p>Dotknut\u00e1 osoba: Organiz\u00e1tor udalosti (praxe, exkurzie, pracovnej ponuky) a \u0161tudent SPU v Nitre. Dotknut\u00e1 osoba v s\u00falade so Z\u00e1konom \u010d. 18\/2018 Z.z. o ochrane osobn\u00fdch \u00fadajov v znen\u00ed neskor\u0161\u00edch predpisov, Smernicou Eur\u00f3pskeho parlamentu a Rady (E\u00da) 2016\/680 z 27. apr\u00edla 2016 o ochrane fyzick\u00fdch os\u00f4b pri sprac\u00favan\u00ed osobn\u00fdch \u00fadajov pr\u00edslu\u0161n\u00fdmi org\u00e1nmi na \u00fa\u010dely predch\u00e1dzania trestn\u00fdm [&hellip;]<\/p>\n","protected":false},"author":1,"featured_media":0,"parent":0,"menu_order":0,"comment_status":"closed","ping_status":"closed","template":"","meta":{"footnotes":""},"class_list":["post-414","page","type-page","status-publish","hentry"],"_links":{"self":[{"href":"https:\/\/potravinarstvo.sk\/prax\/wp-json\/wp\/v2\/pages\/414","targetHints":{"allow":["GET"]}}],"collection":[{"href":"https:\/\/potravinarstvo.sk\/prax\/wp-json\/wp\/v2\/pages"}],"about":[{"href":"https:\/\/potravinarstvo.sk\/prax\/wp-json\/wp\/v2\/types\/page"}],"author":[{"embeddable":true,"href":"https:\/\/potravinarstvo.sk\/prax\/wp-json\/wp\/v2\/users\/1"}],"replies":[{"embeddable":true,"href":"https:\/\/potravinarstvo.sk\/prax\/wp-json\/wp\/v2\/comments?post=414"}],"version-history":[{"count":14,"href":"https:\/\/potravinarstvo.sk\/prax\/wp-json\/wp\/v2\/pages\/414\/revisions"}],"predecessor-version":[{"id":2275,"href":"https:\/\/potravinarstvo.sk\/prax\/wp-json\/wp\/v2\/pages\/414\/revisions\/2275"}],"wp:attachment":[{"href":"https:\/\/potravinarstvo.sk\/prax\/wp-json\/wp\/v2\/media?parent=414"}],"curies":[{"name":"wp","href":"https:\/\/api.w.org\/{rel}","templated":true}]}}