{"id":687,"date":"2019-02-14T20:48:38","date_gmt":"2019-02-14T19:48:38","guid":{"rendered":"http:\/\/potravinarstvo.com\/prax\/?page_id=687"},"modified":"2023-05-29T13:05:30","modified_gmt":"2023-05-29T11:05:30","slug":"fotografie","status":"publish","type":"page","link":"https:\/\/potravinarstvo.sk\/prax\/fotografie\/","title":{"rendered":"Aktu\u00e1lne ponuky &#8211; prax, pr\u00e1ca"},"content":{"rendered":"\n<p>29.5.2023<\/p>\n\n\n\n<p><\/p>\n\n\n\n<figure class=\"wp-block-image size-large\"><img loading=\"lazy\" decoding=\"async\" width=\"724\" height=\"1024\" src=\"https:\/\/potravinarstvo.sk\/prax\/wp-content\/uploads\/2023\/05\/Pozvanka-na-platformu-sario-2023-724x1024.jpg\" alt=\"\" class=\"wp-image-2284\" srcset=\"https:\/\/potravinarstvo.sk\/prax\/wp-content\/uploads\/2023\/05\/Pozvanka-na-platformu-sario-2023-724x1024.jpg 724w, https:\/\/potravinarstvo.sk\/prax\/wp-content\/uploads\/2023\/05\/Pozvanka-na-platformu-sario-2023-212x300.jpg 212w, https:\/\/potravinarstvo.sk\/prax\/wp-content\/uploads\/2023\/05\/Pozvanka-na-platformu-sario-2023-768x1086.jpg 768w, https:\/\/potravinarstvo.sk\/prax\/wp-content\/uploads\/2023\/05\/Pozvanka-na-platformu-sario-2023-1086x1536.jpg 1086w, https:\/\/potravinarstvo.sk\/prax\/wp-content\/uploads\/2023\/05\/Pozvanka-na-platformu-sario-2023-1448x2048.jpg 1448w, https:\/\/potravinarstvo.sk\/prax\/wp-content\/uploads\/2023\/05\/Pozvanka-na-platformu-sario-2023-624x883.jpg 624w, https:\/\/potravinarstvo.sk\/prax\/wp-content\/uploads\/2023\/05\/Pozvanka-na-platformu-sario-2023-300x424.jpg 300w, https:\/\/potravinarstvo.sk\/prax\/wp-content\/uploads\/2023\/05\/Pozvanka-na-platformu-sario-2023-scaled.jpg 1810w\" sizes=\"auto, (max-width: 724px) 100vw, 724px\" \/><\/figure>\n\n\n\n<p><\/p>\n\n\n\n<p><\/p>\n\n\n\n<p><\/p>\n\n\n\n<p><\/p>\n\n\n\n<p><\/p>\n\n\n\n<p><\/p>\n\n\n\n<p><\/p>\n\n\n\n<p><\/p>\n\n\n\n<p><\/p>\n\n\n\n<p><\/p>\n\n\n\n<p><\/p>\n\n\n\n<p><\/p>\n\n\n\n<p><\/p>\n\n\n\n<p><\/p>\n\n\n\n<p><\/p>\n\n\n\n<p><\/p>\n\n\n\n<p><\/p>\n\n\n\n<p><\/p>\n\n\n\n<p>28.3.2023<\/p>\n\n\n\n<figure class=\"wp-block-image size-large\"><img loading=\"lazy\" decoding=\"async\" width=\"724\" height=\"1024\" src=\"https:\/\/potravinarstvo.sk\/prax\/wp-content\/uploads\/2023\/03\/Referent-useku-riadenia-kvality_Strana_1-724x1024.jpg\" alt=\"\" class=\"wp-image-2265\" srcset=\"https:\/\/potravinarstvo.sk\/prax\/wp-content\/uploads\/2023\/03\/Referent-useku-riadenia-kvality_Strana_1-724x1024.jpg 724w, https:\/\/potravinarstvo.sk\/prax\/wp-content\/uploads\/2023\/03\/Referent-useku-riadenia-kvality_Strana_1-212x300.jpg 212w, https:\/\/potravinarstvo.sk\/prax\/wp-content\/uploads\/2023\/03\/Referent-useku-riadenia-kvality_Strana_1-768x1086.jpg 768w, https:\/\/potravinarstvo.sk\/prax\/wp-content\/uploads\/2023\/03\/Referent-useku-riadenia-kvality_Strana_1-1086x1536.jpg 1086w, https:\/\/potravinarstvo.sk\/prax\/wp-content\/uploads\/2023\/03\/Referent-useku-riadenia-kvality_Strana_1-1448x2048.jpg 1448w, https:\/\/potravinarstvo.sk\/prax\/wp-content\/uploads\/2023\/03\/Referent-useku-riadenia-kvality_Strana_1-624x882.jpg 624w, https:\/\/potravinarstvo.sk\/prax\/wp-content\/uploads\/2023\/03\/Referent-useku-riadenia-kvality_Strana_1-300x424.jpg 300w, https:\/\/potravinarstvo.sk\/prax\/wp-content\/uploads\/2023\/03\/Referent-useku-riadenia-kvality_Strana_1.jpg 1654w\" sizes=\"auto, (max-width: 724px) 100vw, 724px\" \/><\/figure>\n\n\n\n<figure class=\"wp-block-image size-large\"><img loading=\"lazy\" decoding=\"async\" width=\"724\" height=\"1024\" src=\"https:\/\/potravinarstvo.sk\/prax\/wp-content\/uploads\/2023\/03\/Referent-useku-riadenia-kvality_Strana_2-724x1024.jpg\" alt=\"\" class=\"wp-image-2264\" srcset=\"https:\/\/potravinarstvo.sk\/prax\/wp-content\/uploads\/2023\/03\/Referent-useku-riadenia-kvality_Strana_2-724x1024.jpg 724w, https:\/\/potravinarstvo.sk\/prax\/wp-content\/uploads\/2023\/03\/Referent-useku-riadenia-kvality_Strana_2-212x300.jpg 212w, https:\/\/potravinarstvo.sk\/prax\/wp-content\/uploads\/2023\/03\/Referent-useku-riadenia-kvality_Strana_2-768x1086.jpg 768w, https:\/\/potravinarstvo.sk\/prax\/wp-content\/uploads\/2023\/03\/Referent-useku-riadenia-kvality_Strana_2-1086x1536.jpg 1086w, https:\/\/potravinarstvo.sk\/prax\/wp-content\/uploads\/2023\/03\/Referent-useku-riadenia-kvality_Strana_2-1448x2048.jpg 1448w, https:\/\/potravinarstvo.sk\/prax\/wp-content\/uploads\/2023\/03\/Referent-useku-riadenia-kvality_Strana_2-624x882.jpg 624w, https:\/\/potravinarstvo.sk\/prax\/wp-content\/uploads\/2023\/03\/Referent-useku-riadenia-kvality_Strana_2-300x424.jpg 300w, https:\/\/potravinarstvo.sk\/prax\/wp-content\/uploads\/2023\/03\/Referent-useku-riadenia-kvality_Strana_2.jpg 1654w\" sizes=\"auto, (max-width: 724px) 100vw, 724px\" \/><\/figure>\n\n\n\n<p>27.3.2023<\/p>\n\n\n\n<figure class=\"wp-block-image size-large\"><img loading=\"lazy\" decoding=\"async\" width=\"724\" height=\"1024\" src=\"https:\/\/potravinarstvo.sk\/prax\/wp-content\/uploads\/2023\/03\/Haleon-724x1024.jpg\" alt=\"\" class=\"wp-image-2261\" srcset=\"https:\/\/potravinarstvo.sk\/prax\/wp-content\/uploads\/2023\/03\/Haleon-724x1024.jpg 724w, https:\/\/potravinarstvo.sk\/prax\/wp-content\/uploads\/2023\/03\/Haleon-212x300.jpg 212w, https:\/\/potravinarstvo.sk\/prax\/wp-content\/uploads\/2023\/03\/Haleon-768x1086.jpg 768w, https:\/\/potravinarstvo.sk\/prax\/wp-content\/uploads\/2023\/03\/Haleon-1086x1536.jpg 1086w, https:\/\/potravinarstvo.sk\/prax\/wp-content\/uploads\/2023\/03\/Haleon-624x883.jpg 624w, https:\/\/potravinarstvo.sk\/prax\/wp-content\/uploads\/2023\/03\/Haleon-300x424.jpg 300w, https:\/\/potravinarstvo.sk\/prax\/wp-content\/uploads\/2023\/03\/Haleon.jpg 1448w\" sizes=\"auto, (max-width: 724px) 100vw, 724px\" \/><\/figure>\n\n\n\n<p>10.2.2023<\/p>\n\n\n\n<p>Fakulta biotechnol\u00f3gie a potravin\u00e1rstva pon\u00faka v spolupr\u00e1ci so spolo\u010dnos\u0165ou <strong>Nestl\u00e9 Slovensko s.r.o.<\/strong>&nbsp;st\u00e1\u017e pre na\u0161ich \u0161tudentov na oddelen\u00ed kvality v z\u00e1vode Prievidzi.<\/p>\n\n\n\n<p>Viac v let\u00e1\u010diku:<\/p>\n\n\n\n<figure class=\"wp-block-image size-large\"><img loading=\"lazy\" decoding=\"async\" width=\"724\" height=\"1024\" src=\"https:\/\/potravinarstvo.sk\/prax\/wp-content\/uploads\/2023\/02\/CARPATHIA-Prievidza_Strana_1-724x1024.jpg\" alt=\"\" class=\"wp-image-2256\" srcset=\"https:\/\/potravinarstvo.sk\/prax\/wp-content\/uploads\/2023\/02\/CARPATHIA-Prievidza_Strana_1-724x1024.jpg 724w, https:\/\/potravinarstvo.sk\/prax\/wp-content\/uploads\/2023\/02\/CARPATHIA-Prievidza_Strana_1-212x300.jpg 212w, https:\/\/potravinarstvo.sk\/prax\/wp-content\/uploads\/2023\/02\/CARPATHIA-Prievidza_Strana_1-768x1085.jpg 768w, https:\/\/potravinarstvo.sk\/prax\/wp-content\/uploads\/2023\/02\/CARPATHIA-Prievidza_Strana_1-1087x1536.jpg 1087w, https:\/\/potravinarstvo.sk\/prax\/wp-content\/uploads\/2023\/02\/CARPATHIA-Prievidza_Strana_1-624x882.jpg 624w, https:\/\/potravinarstvo.sk\/prax\/wp-content\/uploads\/2023\/02\/CARPATHIA-Prievidza_Strana_1-300x424.jpg 300w, https:\/\/potravinarstvo.sk\/prax\/wp-content\/uploads\/2023\/02\/CARPATHIA-Prievidza_Strana_1.jpg 1299w\" sizes=\"auto, (max-width: 724px) 100vw, 724px\" \/><\/figure>\n\n\n\n<figure class=\"wp-block-image size-large\"><img loading=\"lazy\" decoding=\"async\" width=\"724\" height=\"1024\" src=\"https:\/\/potravinarstvo.sk\/prax\/wp-content\/uploads\/2023\/02\/CARPATHIA-Prievidza_Strana_2-724x1024.jpg\" alt=\"\" class=\"wp-image-2254\" srcset=\"https:\/\/potravinarstvo.sk\/prax\/wp-content\/uploads\/2023\/02\/CARPATHIA-Prievidza_Strana_2-724x1024.jpg 724w, https:\/\/potravinarstvo.sk\/prax\/wp-content\/uploads\/2023\/02\/CARPATHIA-Prievidza_Strana_2-212x300.jpg 212w, https:\/\/potravinarstvo.sk\/prax\/wp-content\/uploads\/2023\/02\/CARPATHIA-Prievidza_Strana_2-768x1086.jpg 768w, https:\/\/potravinarstvo.sk\/prax\/wp-content\/uploads\/2023\/02\/CARPATHIA-Prievidza_Strana_2-1086x1536.jpg 1086w, https:\/\/potravinarstvo.sk\/prax\/wp-content\/uploads\/2023\/02\/CARPATHIA-Prievidza_Strana_2-1448x2048.jpg 1448w, https:\/\/potravinarstvo.sk\/prax\/wp-content\/uploads\/2023\/02\/CARPATHIA-Prievidza_Strana_2-624x882.jpg 624w, https:\/\/potravinarstvo.sk\/prax\/wp-content\/uploads\/2023\/02\/CARPATHIA-Prievidza_Strana_2-300x424.jpg 300w, https:\/\/potravinarstvo.sk\/prax\/wp-content\/uploads\/2023\/02\/CARPATHIA-Prievidza_Strana_2.jpg 1654w\" sizes=\"auto, (max-width: 724px) 100vw, 724px\" \/><\/figure>\n\n\n\n<p>11.1.2023<\/p>\n\n\n\n<figure class=\"wp-block-image size-large\"><img loading=\"lazy\" decoding=\"async\" width=\"1024\" height=\"724\" src=\"https:\/\/potravinarstvo.sk\/prax\/wp-content\/uploads\/2023\/01\/letak-SPU_Strana_1-1024x724.jpg\" alt=\"\" class=\"wp-image-2247\" srcset=\"https:\/\/potravinarstvo.sk\/prax\/wp-content\/uploads\/2023\/01\/letak-SPU_Strana_1-1024x724.jpg 1024w, https:\/\/potravinarstvo.sk\/prax\/wp-content\/uploads\/2023\/01\/letak-SPU_Strana_1-300x212.jpg 300w, https:\/\/potravinarstvo.sk\/prax\/wp-content\/uploads\/2023\/01\/letak-SPU_Strana_1-768x543.jpg 768w, https:\/\/potravinarstvo.sk\/prax\/wp-content\/uploads\/2023\/01\/letak-SPU_Strana_1-1536x1086.jpg 1536w, https:\/\/potravinarstvo.sk\/prax\/wp-content\/uploads\/2023\/01\/letak-SPU_Strana_1-2048x1448.jpg 2048w, https:\/\/potravinarstvo.sk\/prax\/wp-content\/uploads\/2023\/01\/letak-SPU_Strana_1-624x441.jpg 624w\" sizes=\"auto, (max-width: 1024px) 100vw, 1024px\" \/><\/figure>\n\n\n\n<figure class=\"wp-block-image size-large\"><img loading=\"lazy\" decoding=\"async\" width=\"1024\" height=\"724\" src=\"https:\/\/potravinarstvo.sk\/prax\/wp-content\/uploads\/2023\/01\/letak-SPU_Strana_2-1024x724.jpg\" alt=\"\" class=\"wp-image-2246\" srcset=\"https:\/\/potravinarstvo.sk\/prax\/wp-content\/uploads\/2023\/01\/letak-SPU_Strana_2-1024x724.jpg 1024w, https:\/\/potravinarstvo.sk\/prax\/wp-content\/uploads\/2023\/01\/letak-SPU_Strana_2-300x212.jpg 300w, https:\/\/potravinarstvo.sk\/prax\/wp-content\/uploads\/2023\/01\/letak-SPU_Strana_2-768x543.jpg 768w, https:\/\/potravinarstvo.sk\/prax\/wp-content\/uploads\/2023\/01\/letak-SPU_Strana_2-1536x1086.jpg 1536w, https:\/\/potravinarstvo.sk\/prax\/wp-content\/uploads\/2023\/01\/letak-SPU_Strana_2-2048x1448.jpg 2048w, https:\/\/potravinarstvo.sk\/prax\/wp-content\/uploads\/2023\/01\/letak-SPU_Strana_2-624x441.jpg 624w\" sizes=\"auto, (max-width: 1024px) 100vw, 1024px\" \/><\/figure>\n\n\n\n<p>10.10.2022<\/p>\n\n\n\n<figure class=\"wp-block-image size-large\"><img loading=\"lazy\" decoding=\"async\" width=\"723\" height=\"1024\" src=\"https:\/\/potravinarstvo.sk\/prax\/wp-content\/uploads\/2022\/10\/Slovenske-cukrovary-20-723x1024.png\" alt=\"\" class=\"wp-image-2237\" srcset=\"https:\/\/potravinarstvo.sk\/prax\/wp-content\/uploads\/2022\/10\/Slovenske-cukrovary-20-723x1024.png 723w, https:\/\/potravinarstvo.sk\/prax\/wp-content\/uploads\/2022\/10\/Slovenske-cukrovary-20-212x300.png 212w, https:\/\/potravinarstvo.sk\/prax\/wp-content\/uploads\/2022\/10\/Slovenske-cukrovary-20-768x1087.png 768w, https:\/\/potravinarstvo.sk\/prax\/wp-content\/uploads\/2022\/10\/Slovenske-cukrovary-20-624x884.png 624w, https:\/\/potravinarstvo.sk\/prax\/wp-content\/uploads\/2022\/10\/Slovenske-cukrovary-20-300x425.png 300w, https:\/\/potravinarstvo.sk\/prax\/wp-content\/uploads\/2022\/10\/Slovenske-cukrovary-20.png 904w\" sizes=\"auto, (max-width: 723px) 100vw, 723px\" \/><\/figure>\n\n\n\n<p>Informujem V\u00e1s o&nbsp;vo\u013enej pracovnej poz\u00edcii \u2013 <strong>kontrol\u00f3r kvality vo firme KRUP s.r.o. <\/strong>v&nbsp;Nitre, \u010das\u0165 Doln\u00e9 Kr\u0161kany.<\/p>\n\n\n\n<p>Pracovn\u00e1 doba je od pondelka do piatku (1 zmena \u2013 7:00-15:30).<\/p>\n\n\n\n<p>Mo\u017en\u00fd n\u00e1stup do pr\u00e1ce 3.10.2022<\/p>\n\n\n\n<p>Z\u00e1ujemcov pros\u00edm zasla\u0165 \u017eivotopis na email&nbsp;<a href=\"mailto:kvalita@krup-sk.sk\">kvalita@krup-sk.sk<\/a>.<\/p>\n\n\n\n<p>Popr\u00edpade  na tel. \u010d\u00edsle +421 905 884&nbsp;376.<\/p>\n\n\n\n<p><strong>Ing. Simona Hnatov\u00e1<\/strong><\/p>\n\n\n\n<p>oddelenie kvality<\/p>\n\n\n\n<p>Tel: +421 905&nbsp;884 376<\/p>\n\n\n\n<p>email:&nbsp;<a href=\"mailto:kvalita@krup-sk.sk\">kvalita@krup-sk.sk<\/a><\/p>\n\n\n\n<figure class=\"wp-block-image size-large\"><img loading=\"lazy\" decoding=\"async\" width=\"723\" height=\"1024\" src=\"https:\/\/potravinarstvo.sk\/prax\/wp-content\/uploads\/2022\/07\/sered-cukrovary-723x1024.png\" alt=\"\" class=\"wp-image-2192\" srcset=\"https:\/\/potravinarstvo.sk\/prax\/wp-content\/uploads\/2022\/07\/sered-cukrovary-723x1024.png 723w, https:\/\/potravinarstvo.sk\/prax\/wp-content\/uploads\/2022\/07\/sered-cukrovary-212x300.png 212w, https:\/\/potravinarstvo.sk\/prax\/wp-content\/uploads\/2022\/07\/sered-cukrovary-768x1087.png 768w, https:\/\/potravinarstvo.sk\/prax\/wp-content\/uploads\/2022\/07\/sered-cukrovary-624x884.png 624w, https:\/\/potravinarstvo.sk\/prax\/wp-content\/uploads\/2022\/07\/sered-cukrovary-300x425.png 300w, https:\/\/potravinarstvo.sk\/prax\/wp-content\/uploads\/2022\/07\/sered-cukrovary.png 904w\" sizes=\"auto, (max-width: 723px) 100vw, 723px\" \/><\/figure>\n\n\n\n<figure class=\"wp-block-image size-large\"><img loading=\"lazy\" decoding=\"async\" width=\"724\" height=\"1024\" src=\"https:\/\/potravinarstvo.sk\/prax\/wp-content\/uploads\/2022\/07\/BERTO-LETAK-BRIGADA-2022-1-724x1024.jpg\" alt=\"\" class=\"wp-image-2190\" srcset=\"https:\/\/potravinarstvo.sk\/prax\/wp-content\/uploads\/2022\/07\/BERTO-LETAK-BRIGADA-2022-1-724x1024.jpg 724w, https:\/\/potravinarstvo.sk\/prax\/wp-content\/uploads\/2022\/07\/BERTO-LETAK-BRIGADA-2022-1-212x300.jpg 212w, https:\/\/potravinarstvo.sk\/prax\/wp-content\/uploads\/2022\/07\/BERTO-LETAK-BRIGADA-2022-1-768x1086.jpg 768w, https:\/\/potravinarstvo.sk\/prax\/wp-content\/uploads\/2022\/07\/BERTO-LETAK-BRIGADA-2022-1-1086x1536.jpg 1086w, https:\/\/potravinarstvo.sk\/prax\/wp-content\/uploads\/2022\/07\/BERTO-LETAK-BRIGADA-2022-1-1448x2048.jpg 1448w, https:\/\/potravinarstvo.sk\/prax\/wp-content\/uploads\/2022\/07\/BERTO-LETAK-BRIGADA-2022-1-624x882.jpg 624w, https:\/\/potravinarstvo.sk\/prax\/wp-content\/uploads\/2022\/07\/BERTO-LETAK-BRIGADA-2022-1-300x424.jpg 300w, https:\/\/potravinarstvo.sk\/prax\/wp-content\/uploads\/2022\/07\/BERTO-LETAK-BRIGADA-2022-1-scaled.jpg 1811w\" sizes=\"auto, (max-width: 724px) 100vw, 724px\" \/><\/figure>\n\n\n\n<figure class=\"wp-block-image size-large\"><img loading=\"lazy\" decoding=\"async\" width=\"724\" height=\"1024\" src=\"https:\/\/potravinarstvo.sk\/prax\/wp-content\/uploads\/2022\/06\/KARPATSKA-PERLA-724x1024.jpg\" alt=\"\" class=\"wp-image-2186\" srcset=\"https:\/\/potravinarstvo.sk\/prax\/wp-content\/uploads\/2022\/06\/KARPATSKA-PERLA-724x1024.jpg 724w, https:\/\/potravinarstvo.sk\/prax\/wp-content\/uploads\/2022\/06\/KARPATSKA-PERLA-212x300.jpg 212w, https:\/\/potravinarstvo.sk\/prax\/wp-content\/uploads\/2022\/06\/KARPATSKA-PERLA-768x1086.jpg 768w, https:\/\/potravinarstvo.sk\/prax\/wp-content\/uploads\/2022\/06\/KARPATSKA-PERLA-1086x1536.jpg 1086w, https:\/\/potravinarstvo.sk\/prax\/wp-content\/uploads\/2022\/06\/KARPATSKA-PERLA-1448x2048.jpg 1448w, https:\/\/potravinarstvo.sk\/prax\/wp-content\/uploads\/2022\/06\/KARPATSKA-PERLA-624x882.jpg 624w, https:\/\/potravinarstvo.sk\/prax\/wp-content\/uploads\/2022\/06\/KARPATSKA-PERLA-300x424.jpg 300w, https:\/\/potravinarstvo.sk\/prax\/wp-content\/uploads\/2022\/06\/KARPATSKA-PERLA.jpg 1654w\" sizes=\"auto, (max-width: 724px) 100vw, 724px\" \/><\/figure>\n\n\n\n<figure class=\"wp-block-image size-large\"><img loading=\"lazy\" decoding=\"async\" width=\"724\" height=\"1024\" src=\"https:\/\/potravinarstvo.sk\/prax\/wp-content\/uploads\/2022\/06\/Podohospodarska-platobna-agentura_page-0001-724x1024.jpg\" alt=\"\" class=\"wp-image-2181\" srcset=\"https:\/\/potravinarstvo.sk\/prax\/wp-content\/uploads\/2022\/06\/Podohospodarska-platobna-agentura_page-0001-724x1024.jpg 724w, https:\/\/potravinarstvo.sk\/prax\/wp-content\/uploads\/2022\/06\/Podohospodarska-platobna-agentura_page-0001-212x300.jpg 212w, https:\/\/potravinarstvo.sk\/prax\/wp-content\/uploads\/2022\/06\/Podohospodarska-platobna-agentura_page-0001-768x1086.jpg 768w, https:\/\/potravinarstvo.sk\/prax\/wp-content\/uploads\/2022\/06\/Podohospodarska-platobna-agentura_page-0001-1086x1536.jpg 1086w, https:\/\/potravinarstvo.sk\/prax\/wp-content\/uploads\/2022\/06\/Podohospodarska-platobna-agentura_page-0001-624x882.jpg 624w, https:\/\/potravinarstvo.sk\/prax\/wp-content\/uploads\/2022\/06\/Podohospodarska-platobna-agentura_page-0001-300x424.jpg 300w, https:\/\/potravinarstvo.sk\/prax\/wp-content\/uploads\/2022\/06\/Podohospodarska-platobna-agentura_page-0001.jpg 1241w\" sizes=\"auto, (max-width: 724px) 100vw, 724px\" \/><\/figure>\n\n\n\n<figure class=\"wp-block-image size-large\"><img loading=\"lazy\" decoding=\"async\" width=\"724\" height=\"1024\" src=\"https:\/\/potravinarstvo.sk\/prax\/wp-content\/uploads\/2022\/06\/Ponuka-praxe-AGROFARMA-cerveny-kamen_page-0001-724x1024.jpg\" alt=\"\" class=\"wp-image-2178\" srcset=\"https:\/\/potravinarstvo.sk\/prax\/wp-content\/uploads\/2022\/06\/Ponuka-praxe-AGROFARMA-cerveny-kamen_page-0001-724x1024.jpg 724w, https:\/\/potravinarstvo.sk\/prax\/wp-content\/uploads\/2022\/06\/Ponuka-praxe-AGROFARMA-cerveny-kamen_page-0001-212x300.jpg 212w, https:\/\/potravinarstvo.sk\/prax\/wp-content\/uploads\/2022\/06\/Ponuka-praxe-AGROFARMA-cerveny-kamen_page-0001-768x1086.jpg 768w, https:\/\/potravinarstvo.sk\/prax\/wp-content\/uploads\/2022\/06\/Ponuka-praxe-AGROFARMA-cerveny-kamen_page-0001-1086x1536.jpg 1086w, https:\/\/potravinarstvo.sk\/prax\/wp-content\/uploads\/2022\/06\/Ponuka-praxe-AGROFARMA-cerveny-kamen_page-0001-624x882.jpg 624w, https:\/\/potravinarstvo.sk\/prax\/wp-content\/uploads\/2022\/06\/Ponuka-praxe-AGROFARMA-cerveny-kamen_page-0001-300x424.jpg 300w, https:\/\/potravinarstvo.sk\/prax\/wp-content\/uploads\/2022\/06\/Ponuka-praxe-AGROFARMA-cerveny-kamen_page-0001.jpg 1241w\" sizes=\"auto, (max-width: 724px) 100vw, 724px\" \/><\/figure>\n\n\n\n<figure class=\"wp-block-image size-full\"><img loading=\"lazy\" decoding=\"async\" width=\"597\" height=\"803\" src=\"https:\/\/potravinarstvo.sk\/prax\/wp-content\/uploads\/2022\/04\/chipita-slovakia.jpg\" alt=\"\" class=\"wp-image-2165\" srcset=\"https:\/\/potravinarstvo.sk\/prax\/wp-content\/uploads\/2022\/04\/chipita-slovakia.jpg 597w, https:\/\/potravinarstvo.sk\/prax\/wp-content\/uploads\/2022\/04\/chipita-slovakia-223x300.jpg 223w, https:\/\/potravinarstvo.sk\/prax\/wp-content\/uploads\/2022\/04\/chipita-slovakia-300x404.jpg 300w\" sizes=\"auto, (max-width: 597px) 100vw, 597px\" \/><\/figure>\n\n\n\n<figure class=\"wp-block-image size-full\"><img loading=\"lazy\" decoding=\"async\" width=\"724\" height=\"1024\" src=\"https:\/\/potravinarstvo.sk\/prax\/wp-content\/uploads\/2022\/04\/OZNAM1024_1.jpg\" alt=\"\" class=\"wp-image-2163\" srcset=\"https:\/\/potravinarstvo.sk\/prax\/wp-content\/uploads\/2022\/04\/OZNAM1024_1.jpg 724w, https:\/\/potravinarstvo.sk\/prax\/wp-content\/uploads\/2022\/04\/OZNAM1024_1-212x300.jpg 212w, https:\/\/potravinarstvo.sk\/prax\/wp-content\/uploads\/2022\/04\/OZNAM1024_1-624x883.jpg 624w, https:\/\/potravinarstvo.sk\/prax\/wp-content\/uploads\/2022\/04\/OZNAM1024_1-300x424.jpg 300w\" sizes=\"auto, (max-width: 724px) 100vw, 724px\" \/><\/figure>\n\n\n\n<figure class=\"wp-block-image size-large\"><img loading=\"lazy\" decoding=\"async\" width=\"707\" height=\"1024\" src=\"https:\/\/potravinarstvo.sk\/prax\/wp-content\/uploads\/2022\/02\/Hiring-potravinarsky-technolog_v1-1-707x1024.png\" alt=\"\" class=\"wp-image-2153\" srcset=\"https:\/\/potravinarstvo.sk\/prax\/wp-content\/uploads\/2022\/02\/Hiring-potravinarsky-technolog_v1-1-707x1024.png 707w, https:\/\/potravinarstvo.sk\/prax\/wp-content\/uploads\/2022\/02\/Hiring-potravinarsky-technolog_v1-1-207x300.png 207w, https:\/\/potravinarstvo.sk\/prax\/wp-content\/uploads\/2022\/02\/Hiring-potravinarsky-technolog_v1-1-768x1112.png 768w, https:\/\/potravinarstvo.sk\/prax\/wp-content\/uploads\/2022\/02\/Hiring-potravinarsky-technolog_v1-1-1061x1536.png 1061w, https:\/\/potravinarstvo.sk\/prax\/wp-content\/uploads\/2022\/02\/Hiring-potravinarsky-technolog_v1-1-624x904.png 624w, https:\/\/potravinarstvo.sk\/prax\/wp-content\/uploads\/2022\/02\/Hiring-potravinarsky-technolog_v1-1-300x434.png 300w, https:\/\/potravinarstvo.sk\/prax\/wp-content\/uploads\/2022\/02\/Hiring-potravinarsky-technolog_v1-1.png 1381w\" sizes=\"auto, (max-width: 707px) 100vw, 707px\" \/><\/figure>\n\n\n\n<figure class=\"wp-block-image size-large\"><img loading=\"lazy\" decoding=\"async\" width=\"1024\" height=\"768\" src=\"https:\/\/potravinarstvo.sk\/prax\/wp-content\/uploads\/2022\/02\/20190320_132811-1024x768.jpg\" alt=\"\" class=\"wp-image-2156\" srcset=\"https:\/\/potravinarstvo.sk\/prax\/wp-content\/uploads\/2022\/02\/20190320_132811-1024x768.jpg 1024w, https:\/\/potravinarstvo.sk\/prax\/wp-content\/uploads\/2022\/02\/20190320_132811-300x225.jpg 300w, https:\/\/potravinarstvo.sk\/prax\/wp-content\/uploads\/2022\/02\/20190320_132811-768x576.jpg 768w, https:\/\/potravinarstvo.sk\/prax\/wp-content\/uploads\/2022\/02\/20190320_132811-1536x1152.jpg 1536w, https:\/\/potravinarstvo.sk\/prax\/wp-content\/uploads\/2022\/02\/20190320_132811-2048x1536.jpg 2048w, https:\/\/potravinarstvo.sk\/prax\/wp-content\/uploads\/2022\/02\/20190320_132811-624x468.jpg 624w\" sizes=\"auto, (max-width: 1024px) 100vw, 1024px\" \/><\/figure>\n\n\n\n<figure class=\"wp-block-image size-large\"><img loading=\"lazy\" decoding=\"async\" width=\"1024\" height=\"768\" src=\"https:\/\/potravinarstvo.sk\/prax\/wp-content\/uploads\/2022\/02\/20190306_142716-1024x768.jpg\" alt=\"\" class=\"wp-image-2157\" srcset=\"https:\/\/potravinarstvo.sk\/prax\/wp-content\/uploads\/2022\/02\/20190306_142716-1024x768.jpg 1024w, https:\/\/potravinarstvo.sk\/prax\/wp-content\/uploads\/2022\/02\/20190306_142716-300x225.jpg 300w, https:\/\/potravinarstvo.sk\/prax\/wp-content\/uploads\/2022\/02\/20190306_142716-768x576.jpg 768w, https:\/\/potravinarstvo.sk\/prax\/wp-content\/uploads\/2022\/02\/20190306_142716-1536x1152.jpg 1536w, https:\/\/potravinarstvo.sk\/prax\/wp-content\/uploads\/2022\/02\/20190306_142716-2048x1536.jpg 2048w, https:\/\/potravinarstvo.sk\/prax\/wp-content\/uploads\/2022\/02\/20190306_142716-624x468.jpg 624w\" sizes=\"auto, (max-width: 1024px) 100vw, 1024px\" \/><\/figure>\n\n\n\n<figure class=\"wp-block-image size-large\"><img loading=\"lazy\" decoding=\"async\" width=\"1024\" height=\"768\" src=\"https:\/\/potravinarstvo.sk\/prax\/wp-content\/uploads\/2022\/02\/20190306_121355-1024x768.jpg\" alt=\"\" class=\"wp-image-2158\" srcset=\"https:\/\/potravinarstvo.sk\/prax\/wp-content\/uploads\/2022\/02\/20190306_121355-1024x768.jpg 1024w, https:\/\/potravinarstvo.sk\/prax\/wp-content\/uploads\/2022\/02\/20190306_121355-300x225.jpg 300w, https:\/\/potravinarstvo.sk\/prax\/wp-content\/uploads\/2022\/02\/20190306_121355-768x576.jpg 768w, https:\/\/potravinarstvo.sk\/prax\/wp-content\/uploads\/2022\/02\/20190306_121355-1536x1152.jpg 1536w, https:\/\/potravinarstvo.sk\/prax\/wp-content\/uploads\/2022\/02\/20190306_121355-2048x1536.jpg 2048w, https:\/\/potravinarstvo.sk\/prax\/wp-content\/uploads\/2022\/02\/20190306_121355-624x468.jpg 624w\" sizes=\"auto, (max-width: 1024px) 100vw, 1024px\" \/><\/figure>\n\n\n\n<figure class=\"wp-block-image size-large\"><img loading=\"lazy\" decoding=\"async\" width=\"1024\" height=\"768\" src=\"https:\/\/potravinarstvo.sk\/prax\/wp-content\/uploads\/2022\/02\/20190306_130753-1024x768.jpg\" alt=\"\" class=\"wp-image-2160\" srcset=\"https:\/\/potravinarstvo.sk\/prax\/wp-content\/uploads\/2022\/02\/20190306_130753-1024x768.jpg 1024w, https:\/\/potravinarstvo.sk\/prax\/wp-content\/uploads\/2022\/02\/20190306_130753-300x225.jpg 300w, https:\/\/potravinarstvo.sk\/prax\/wp-content\/uploads\/2022\/02\/20190306_130753-768x576.jpg 768w, https:\/\/potravinarstvo.sk\/prax\/wp-content\/uploads\/2022\/02\/20190306_130753-1536x1152.jpg 1536w, https:\/\/potravinarstvo.sk\/prax\/wp-content\/uploads\/2022\/02\/20190306_130753-2048x1536.jpg 2048w, https:\/\/potravinarstvo.sk\/prax\/wp-content\/uploads\/2022\/02\/20190306_130753-624x468.jpg 624w\" sizes=\"auto, (max-width: 1024px) 100vw, 1024px\" \/><\/figure>\n","protected":false},"excerpt":{"rendered":"<p>29.5.2023 28.3.2023 27.3.2023 10.2.2023 Fakulta biotechnol\u00f3gie a potravin\u00e1rstva pon\u00faka v spolupr\u00e1ci so spolo\u010dnos\u0165ou Nestl\u00e9 Slovensko s.r.o.&nbsp;st\u00e1\u017e pre na\u0161ich \u0161tudentov na oddelen\u00ed kvality v z\u00e1vode Prievidzi. Viac v let\u00e1\u010diku: 11.1.2023 10.10.2022 Informujem V\u00e1s o&nbsp;vo\u013enej pracovnej poz\u00edcii \u2013 kontrol\u00f3r kvality vo firme KRUP s.r.o. v&nbsp;Nitre, \u010das\u0165 Doln\u00e9 Kr\u0161kany. Pracovn\u00e1 doba je od pondelka do piatku (1 zmena [&hellip;]<\/p>\n","protected":false},"author":1,"featured_media":0,"parent":0,"menu_order":0,"comment_status":"closed","ping_status":"closed","template":"","meta":{"footnotes":""},"class_list":["post-687","page","type-page","status-publish","hentry"],"_links":{"self":[{"href":"https:\/\/potravinarstvo.sk\/prax\/wp-json\/wp\/v2\/pages\/687","targetHints":{"allow":["GET"]}}],"collection":[{"href":"https:\/\/potravinarstvo.sk\/prax\/wp-json\/wp\/v2\/pages"}],"about":[{"href":"https:\/\/potravinarstvo.sk\/prax\/wp-json\/wp\/v2\/types\/page"}],"author":[{"embeddable":true,"href":"https:\/\/potravinarstvo.sk\/prax\/wp-json\/wp\/v2\/users\/1"}],"replies":[{"embeddable":true,"href":"https:\/\/potravinarstvo.sk\/prax\/wp-json\/wp\/v2\/comments?post=687"}],"version-history":[{"count":25,"href":"https:\/\/potravinarstvo.sk\/prax\/wp-json\/wp\/v2\/pages\/687\/revisions"}],"predecessor-version":[{"id":2286,"href":"https:\/\/potravinarstvo.sk\/prax\/wp-json\/wp\/v2\/pages\/687\/revisions\/2286"}],"wp:attachment":[{"href":"https:\/\/potravinarstvo.sk\/prax\/wp-json\/wp\/v2\/media?parent=687"}],"curies":[{"name":"wp","href":"https:\/\/api.w.org\/{rel}","templated":true}]}}