{"id":1894,"date":"2020-09-15T19:03:58","date_gmt":"2020-09-15T17:03:58","guid":{"rendered":"https:\/\/potravinarstvo.com\/prax\/produkt\/import-placeholder-for-966\/"},"modified":"2022-09-12T15:57:21","modified_gmt":"2022-09-12T13:57:21","slug":"botanicka-zahrada-spu-v-nitre","status":"publish","type":"product","link":"https:\/\/potravinarstvo.sk\/prax\/produkt\/botanicka-zahrada-spu-v-nitre\/","title":{"rendered":"Botanick\u00e1 z\u00e1hrada SPU v Nitre"},"content":{"rendered":"<p>Zabezpe\u010denie pomocn\u00fdch pr\u00e1c pri zabezpe\u010dovan\u00ed v\u00fdvoja \u2013 fylogenetick\u00e9ho syst\u00e9mu rastl\u00edn botanickej z\u00e1hrady.<\/p>\n<p>Mo\u017enos\u0165 rie\u0161i\u0165 prax so zameran\u00edm na ovocin\u00e1rstvo, zelenin\u00e1rstvo, okrasn\u00e9 z\u00e1hradn\u00edctvo, potravinov\u00e9 pol\u00ed\u010dka alebo v komplexe ako cyklus.<\/p>\n<p>Ur\u010den\u00e9 pre odbory: Aplikovan\u00e1 biol\u00f3gia, Agrobiotechnol\u00f3gie, Agropotravin\u00e1rstvo<\/p>\n","protected":false},"excerpt":{"rendered":"<p>Trieda Andreja Hlinku 2, Nitra-Chrenov\u00e1<br \/>\njozef.capla@uniag.sk<\/p>\n","protected":false},"featured_media":2201,"template":"","meta":[],"product_brand":[],"product_cat":[197],"product_tag":[313],"class_list":{"0":"post-1894","1":"product","2":"type-product","3":"status-publish","4":"has-post-thumbnail","6":"product_cat-agropotravinarstvo","7":"product_tag-prevadzkova-prax","9":"first","10":"instock","11":"taxable","12":"shipping-taxable","13":"product-type-simple"},"_links":{"self":[{"href":"https:\/\/potravinarstvo.sk\/prax\/wp-json\/wp\/v2\/product\/1894","targetHints":{"allow":["GET"]}}],"collection":[{"href":"https:\/\/potravinarstvo.sk\/prax\/wp-json\/wp\/v2\/product"}],"about":[{"href":"https:\/\/potravinarstvo.sk\/prax\/wp-json\/wp\/v2\/types\/product"}],"wp:featuredmedia":[{"embeddable":true,"href":"https:\/\/potravinarstvo.sk\/prax\/wp-json\/wp\/v2\/media\/2201"}],"wp:attachment":[{"href":"https:\/\/potravinarstvo.sk\/prax\/wp-json\/wp\/v2\/media?parent=1894"}],"wp:term":[{"taxonomy":"product_brand","embeddable":true,"href":"https:\/\/potravinarstvo.sk\/prax\/wp-json\/wp\/v2\/product_brand?post=1894"},{"taxonomy":"product_cat","embeddable":true,"href":"https:\/\/potravinarstvo.sk\/prax\/wp-json\/wp\/v2\/product_cat?post=1894"},{"taxonomy":"product_tag","embeddable":true,"href":"https:\/\/potravinarstvo.sk\/prax\/wp-json\/wp\/v2\/product_tag?post=1894"}],"curies":[{"name":"wp","href":"https:\/\/api.w.org\/{rel}","templated":true}]}}