{"id":1897,"date":"2020-09-15T19:03:59","date_gmt":"2020-09-15T17:03:59","guid":{"rendered":"https:\/\/potravinarstvo.com\/prax\/produkt\/import-placeholder-for-1049\/"},"modified":"2022-09-12T16:18:09","modified_gmt":"2022-09-12T14:18:09","slug":"novofruct-sk-s-r-o","status":"publish","type":"product","link":"https:\/\/potravinarstvo.sk\/prax\/produkt\/novofruct-sk-s-r-o\/","title":{"rendered":"NOVOFRUCT SK, s.r.o."},"content":{"rendered":"<p>Odborn\u00e1 prax v laborat\u00f3riu podniku (1). \u0160tudenti budu zaraden\u00ed na vstupn\u00fa kontrolu &#8211; obozn\u00e1mia sa\u00a0 s dokument\u00e1ciou oh\u013eadne na\u0161ich po\u017eiadavok na suroviny, preberanie suroviny na doj\u010densk\u00fa v\u00fd\u017eivu a pokrmy ale aj konven\u010dn\u00fa kvalitu.<br \/>\n\u0160tudenti\u00a0 budu obozn\u00e1men\u00ed s laborat\u00f3rnymi stanoveniami, ktor\u00e9 sa vykon\u00e1vaj\u00fa v surovine a sp\u00f4sobe ich hodnotenia.<br \/>\nNa v\u00fdstupnej kontrole sa obozn\u00e1mia s podnikovou normou a technickou \u0161pecifik\u00e1ciou v\u00fdrobku, laborat\u00f3rnymi kontrolami\u00a0 &#8211; analytick\u00fdmi, mikrobiologick\u00fdmi, z\u00e1znamami, dokument\u00e1ciu, pr\u00edpadne HACCP dan\u00e9ho v\u00fdrobku.<br \/>\nObozn\u00e1menie s technol\u00f3giu k dan\u00e9mu v\u00fdrobku napr. DV, m\u00e4sov\u00fd kr\u00e9m, ovocn\u00e9 pyr\u00e9 at\u010f.<\/p>\n<p>Prev\u00e1dzkov\u00e1 prax (1) &#8211; zapojenie sa do v\u00fdrobn\u00e9ho procesu na v\u0161etky zmeny.<\/p>\n","protected":false},"excerpt":{"rendered":"<p>NOVOFRUCT SK, s. r. o. Nov\u00e9 Z\u00e1mky, Kom\u00e1r\u0148ansk\u00e1 cesta 13, Nov\u00e9 Z\u00e1mky-Doln\u00e1 kapsa<br \/>\n<a href=\"https:\/\/forms.office.com\/Pages\/ResponsePage.aspx?id=7hqAVcvMxUaIDNb2xGA_QkA4UXoeHhpIsy0V6cg5LY9UMkozRFYwNEVYODJLOU83MFpZVE9JUE9PQi4u\">moncol@novofruct.sk<\/a><\/p>\n","protected":false},"featured_media":2210,"template":"","meta":[],"product_brand":[],"product_cat":[223],"product_tag":[312],"class_list":{"0":"post-1897","1":"product","2":"type-product","3":"status-publish","4":"has-post-thumbnail","6":"product_cat-termosterilizovane-pokrmy-potravinarstvo","7":"product_tag-odborna-prevadzkova-prax","9":"first","10":"instock","11":"taxable","12":"shipping-taxable","13":"product-type-simple"},"_links":{"self":[{"href":"https:\/\/potravinarstvo.sk\/prax\/wp-json\/wp\/v2\/product\/1897","targetHints":{"allow":["GET"]}}],"collection":[{"href":"https:\/\/potravinarstvo.sk\/prax\/wp-json\/wp\/v2\/product"}],"about":[{"href":"https:\/\/potravinarstvo.sk\/prax\/wp-json\/wp\/v2\/types\/product"}],"wp:featuredmedia":[{"embeddable":true,"href":"https:\/\/potravinarstvo.sk\/prax\/wp-json\/wp\/v2\/media\/2210"}],"wp:attachment":[{"href":"https:\/\/potravinarstvo.sk\/prax\/wp-json\/wp\/v2\/media?parent=1897"}],"wp:term":[{"taxonomy":"product_brand","embeddable":true,"href":"https:\/\/potravinarstvo.sk\/prax\/wp-json\/wp\/v2\/product_brand?post=1897"},{"taxonomy":"product_cat","embeddable":true,"href":"https:\/\/potravinarstvo.sk\/prax\/wp-json\/wp\/v2\/product_cat?post=1897"},{"taxonomy":"product_tag","embeddable":true,"href":"https:\/\/potravinarstvo.sk\/prax\/wp-json\/wp\/v2\/product_tag?post=1897"}],"curies":[{"name":"wp","href":"https:\/\/api.w.org\/{rel}","templated":true}]}}