{"id":1898,"date":"2020-09-15T19:03:59","date_gmt":"2020-09-15T17:03:59","guid":{"rendered":"https:\/\/potravinarstvo.com\/prax\/produkt\/import-placeholder-for-1099\/"},"modified":"2024-03-01T10:51:50","modified_gmt":"2024-03-01T09:51:50","slug":"agro-rybia-farma-s-r-o","status":"publish","type":"product","link":"https:\/\/potravinarstvo.sk\/prax\/produkt\/agro-rybia-farma-s-r-o\/","title":{"rendered":"HBP, a.s.,"},"content":{"rendered":"<p>Odborn\u00e1 prax ( 2 osoby): obozn\u00e1menie sa s chovom sum\u010deka africk\u00e9ho, spracovan\u00edm produktov, sklen\u00edkov\u00fdm hospod\u00e1rstvom, dokument\u00e1ciou spr\u00e1vna v\u00fdrobn\u00e1 prax<\/p>\n<p>Prev\u00e1dzkov\u00e1 prax (2 osoby): \u00fa\u010das\u0165 na v\u00fdrobnom procese vo v\u00fdrobe produktov zo sum\u010deka africk\u00e9ho .<\/p>\n","protected":false},"excerpt":{"rendered":"<p>\u0160trajkov\u00e1 1, 972 51 Handlov\u00e1<br \/>\nibelanova@hbp.sk<\/p>\n","protected":false},"featured_media":2198,"template":"","meta":[],"product_brand":[],"product_cat":[205,224],"product_tag":[312],"class_list":{"0":"post-1898","1":"product","2":"type-product","3":"status-publish","4":"has-post-thumbnail","6":"product_cat-biotechnologia","7":"product_cat-ryby-potravinarstvo","8":"product_tag-odborna-prevadzkova-prax","10":"first","11":"instock","12":"taxable","13":"shipping-taxable","14":"product-type-simple"},"_links":{"self":[{"href":"https:\/\/potravinarstvo.sk\/prax\/wp-json\/wp\/v2\/product\/1898","targetHints":{"allow":["GET"]}}],"collection":[{"href":"https:\/\/potravinarstvo.sk\/prax\/wp-json\/wp\/v2\/product"}],"about":[{"href":"https:\/\/potravinarstvo.sk\/prax\/wp-json\/wp\/v2\/types\/product"}],"wp:featuredmedia":[{"embeddable":true,"href":"https:\/\/potravinarstvo.sk\/prax\/wp-json\/wp\/v2\/media\/2198"}],"wp:attachment":[{"href":"https:\/\/potravinarstvo.sk\/prax\/wp-json\/wp\/v2\/media?parent=1898"}],"wp:term":[{"taxonomy":"product_brand","embeddable":true,"href":"https:\/\/potravinarstvo.sk\/prax\/wp-json\/wp\/v2\/product_brand?post=1898"},{"taxonomy":"product_cat","embeddable":true,"href":"https:\/\/potravinarstvo.sk\/prax\/wp-json\/wp\/v2\/product_cat?post=1898"},{"taxonomy":"product_tag","embeddable":true,"href":"https:\/\/potravinarstvo.sk\/prax\/wp-json\/wp\/v2\/product_tag?post=1898"}],"curies":[{"name":"wp","href":"https:\/\/api.w.org\/{rel}","templated":true}]}}