{"id":1899,"date":"2020-09-15T19:03:59","date_gmt":"2020-09-15T17:03:59","guid":{"rendered":"https:\/\/potravinarstvo.com\/prax\/produkt\/import-placeholder-for-1106\/"},"modified":"2022-09-12T16:09:14","modified_gmt":"2022-09-12T14:09:14","slug":"krup-s-r-o","status":"publish","type":"product","link":"https:\/\/potravinarstvo.sk\/prax\/produkt\/krup-s-r-o\/","title":{"rendered":"KRUP s.r.o."},"content":{"rendered":"<p>Odborn\u00e1 prax (1): anal\u00fdza \u00fadajov syst\u00e9mu HACCP, laborat\u00f3rna \u010dinnos\u0165<\/p>\n<p>Prev\u00e1dzkov\u00e1 prax (1): za\u010dlenenie do v\u00fdrobn\u00e9ho procesu balenia potrav\u00edn<\/p>\n","protected":false},"excerpt":{"rendered":"<p>Na Priehon 50, Nitra-Doln\u00e9 Kr\u0161kany<br \/>\nkvalita@krup-sk.sk<\/p>\n","protected":false},"featured_media":2207,"template":"","meta":[],"product_brand":[],"product_cat":[225],"product_tag":[312],"class_list":{"0":"post-1899","1":"product","2":"type-product","3":"status-publish","4":"has-post-thumbnail","6":"product_cat-balenie-potravin-potravinarstvo","7":"product_tag-odborna-prevadzkova-prax","9":"first","10":"instock","11":"taxable","12":"shipping-taxable","13":"product-type-simple"},"_links":{"self":[{"href":"https:\/\/potravinarstvo.sk\/prax\/wp-json\/wp\/v2\/product\/1899","targetHints":{"allow":["GET"]}}],"collection":[{"href":"https:\/\/potravinarstvo.sk\/prax\/wp-json\/wp\/v2\/product"}],"about":[{"href":"https:\/\/potravinarstvo.sk\/prax\/wp-json\/wp\/v2\/types\/product"}],"wp:featuredmedia":[{"embeddable":true,"href":"https:\/\/potravinarstvo.sk\/prax\/wp-json\/wp\/v2\/media\/2207"}],"wp:attachment":[{"href":"https:\/\/potravinarstvo.sk\/prax\/wp-json\/wp\/v2\/media?parent=1899"}],"wp:term":[{"taxonomy":"product_brand","embeddable":true,"href":"https:\/\/potravinarstvo.sk\/prax\/wp-json\/wp\/v2\/product_brand?post=1899"},{"taxonomy":"product_cat","embeddable":true,"href":"https:\/\/potravinarstvo.sk\/prax\/wp-json\/wp\/v2\/product_cat?post=1899"},{"taxonomy":"product_tag","embeddable":true,"href":"https:\/\/potravinarstvo.sk\/prax\/wp-json\/wp\/v2\/product_tag?post=1899"}],"curies":[{"name":"wp","href":"https:\/\/api.w.org\/{rel}","templated":true}]}}