{"id":1900,"date":"2020-09-15T19:03:59","date_gmt":"2020-09-15T17:03:59","guid":{"rendered":"https:\/\/potravinarstvo.com\/prax\/produkt\/import-placeholder-for-1114\/"},"modified":"2020-09-21T20:59:56","modified_gmt":"2020-09-21T18:59:56","slug":"az-risnovsky-halasz-s-r-o","status":"publish","type":"product","link":"https:\/\/potravinarstvo.sk\/prax\/produkt\/az-risnovsky-halasz-s-r-o\/","title":{"rendered":"A+Z Ri\u0161\u0148ovsk\u00fd, Hal\u00e1sz s.r.o."},"content":{"rendered":"<p>Spolo\u010dnos\u0165 sa sklad\u00e1 z dvoch firiem &#8211; jedna je konzerv\u00e1re\u0148 ovocia, zeleniny a r\u00f4znych pochut\u00edn (A+Z Ri\u0161\u0148ovsk\u00fd, Hal\u00e1sz s.r.o.), druh\u00e1 sa zaober\u00e1 s pestovan\u00edm ovocia a zeleniny (Agro s.r.o.).<\/p>\n<p>\u0160tudenti m\u00f4\u017eu chodi\u0165 na prax aj aj v piatky, ako im to vyhovuje &#8211; samozrejme na z\u00e1klade dohody. Ide\u00e1lne by bolo keby boli z bl\u00edzkeho okolia.<\/p>\n<p>Poskytnutie praxe:<\/p>\n<p>2 \u0161tudenti vo firme &#8211; A+Z Ri\u0161\u0148ovsk\u00fd, Hal\u00e1sz s.r.o.:<\/p>\n<p>&#8211;\u00a0 pr\u00e1ca s HACCP (vypracovanie \u0161pecifik\u00e1ci\u00ed, v\u00fdrobn\u00fdch postupov, anal\u00fdza rizika),<br \/>\n&#8211;\u00a0 IFS FOOD \u0161tandard (intern\u00e9 audity, vysvetlenie \u0161tandardu),<br \/>\n&#8211;\u00a0 priebeh v\u00fdroby (jednotliv\u00e9 technologick\u00e9 kroky, princ\u00edpy, postupy),<br \/>\n&#8211; z\u00e1kladn\u00fd rozbor potravin\u00e1rskych v\u00fdrobkov (obsah soli, kyslos\u0165, refraktometrick\u00e1 su\u0161ina, pH, hmotnos\u0165),<br \/>\n&#8211; tvorba etikety pod\u013ea platnej legislat\u00edvy,<br \/>\n&#8211; princ\u00edp pasteriz\u00e1cie,<br \/>\n&#8211; princ\u00edp a fungovanie optickej triedi\u010dky.<\/p>\n<p>2 \u0161tudenti vo firme &#8211; Agro s.r.o.:<\/p>\n<p>&#8211;\u00a0 poskytnutie inform\u00e1ci\u00ed o fungovan\u00ed a vytvoren\u00ed syst\u00e9mu Integrovanej rastlinnej v\u00fdroby,<\/p>\n<p>&#8211;\u00a0 pr\u00e1ca s plodinami.<\/p>\n","protected":false},"excerpt":{"rendered":"<p>Priemyseln\u00e1 2, Ve\u013ek\u00e9 \u00da\u013eany<br \/>\nvimmerova@azkonzervaren.sk<\/p>\n","protected":false},"featured_media":2018,"template":"","meta":[],"product_brand":[],"product_cat":[226],"product_tag":[312],"class_list":{"0":"post-1900","1":"product","2":"type-product","3":"status-publish","4":"has-post-thumbnail","6":"product_cat-spracovane-ovocie-a-zelenina-potravinarstvo","7":"product_tag-odborna-prevadzkova-prax","9":"first","10":"instock","11":"taxable","12":"shipping-taxable","13":"product-type-simple"},"_links":{"self":[{"href":"https:\/\/potravinarstvo.sk\/prax\/wp-json\/wp\/v2\/product\/1900","targetHints":{"allow":["GET"]}}],"collection":[{"href":"https:\/\/potravinarstvo.sk\/prax\/wp-json\/wp\/v2\/product"}],"about":[{"href":"https:\/\/potravinarstvo.sk\/prax\/wp-json\/wp\/v2\/types\/product"}],"wp:featuredmedia":[{"embeddable":true,"href":"https:\/\/potravinarstvo.sk\/prax\/wp-json\/wp\/v2\/media\/2018"}],"wp:attachment":[{"href":"https:\/\/potravinarstvo.sk\/prax\/wp-json\/wp\/v2\/media?parent=1900"}],"wp:term":[{"taxonomy":"product_brand","embeddable":true,"href":"https:\/\/potravinarstvo.sk\/prax\/wp-json\/wp\/v2\/product_brand?post=1900"},{"taxonomy":"product_cat","embeddable":true,"href":"https:\/\/potravinarstvo.sk\/prax\/wp-json\/wp\/v2\/product_cat?post=1900"},{"taxonomy":"product_tag","embeddable":true,"href":"https:\/\/potravinarstvo.sk\/prax\/wp-json\/wp\/v2\/product_tag?post=1900"}],"curies":[{"name":"wp","href":"https:\/\/api.w.org\/{rel}","templated":true}]}}