{"id":1901,"date":"2020-09-15T19:04:00","date_gmt":"2020-09-15T17:04:00","guid":{"rendered":"https:\/\/potravinarstvo.com\/prax\/produkt\/import-placeholder-for-1124\/"},"modified":"2022-09-12T16:23:02","modified_gmt":"2022-09-12T14:23:02","slug":"slovenske-cukrovary-s-r-o","status":"publish","type":"product","link":"https:\/\/potravinarstvo.sk\/prax\/produkt\/slovenske-cukrovary-s-r-o\/","title":{"rendered":"Slovenske cukrovary, s.r.o."},"content":{"rendered":"<p>V r\u00e1mci odbornej praxe v Slovensk\u00fdch cukrovaroch s.r.o. (\u010dlen skupiny AGRANA) bude \u0161tudent pridelen\u00fd na pr\u00e1cu ku mana\u017e\u00e9rovi kvality, po\u010das ktorej pochop\u00ed rolu fungovania mana\u017ementu kvality v medzin\u00e1rodnej potravin\u00e1rskej firme.<\/p>\n<p>Po\u010das praxe bude ma\u0165 \u0161tudent mo\u017enos\u0165 spozna\u0165 nasledovn\u00e9 postupy a\u00a0procesy:<\/p>\n<p>\u00b7\u00a0\u00a0\u00a0\u00a0\u00a0\u00a0\u00a0\u00a0 Pochopenie celkov\u00e9ho fungovania medzin\u00e1rodnej potravin\u00e1rskej firmy, bude obozn\u00e1men\u00fd zo \u0161trukt\u00farou z\u00e1kladnej dokument\u00e1cie firmy a\u00a0hierarchiou vo firme.<\/p>\n<p>\u00b7\u00a0\u00a0\u00a0\u00a0\u00a0\u00a0\u00a0\u00a0 \u0160tudent bude obozn\u00e1men\u00fd s technologick\u00fdm postupom v\u00fdroby cukru, jeho skladovan\u00edm, balen\u00edm a\u00a0exped\u00edciou.<\/p>\n<p>\u00b7\u00a0\u00a0\u00a0\u00a0\u00a0\u00a0\u00a0\u00a0 \u0160tudent bude ma\u0165 mo\u017enos\u0165 pochopi\u0165 z\u00e1kladn\u00e9 princ\u00edpy a\u00a0z\u00e1sady syst\u00e9mu HACCP v\u00a0praxi, pr\u00e1cu s\u00a0jednotliv\u00fdmi CP a\u00a0CCP a ich\u00a0kontrolou. Pochopenie princ\u00edpu ur\u010dovania n\u00e1pravy a\u00a0n\u00e1pravn\u00fdch opatren\u00ed.<\/p>\n<p>\u00b7\u00a0\u00a0\u00a0\u00a0\u00a0\u00a0\u00a0\u00a0 \u0160tudent bude obozn\u00e1men\u00fd s\u00a0po\u017eiadavkami normy ISO 9001:2015 a\u00a0po\u017eiadavkami \u0161tandardu IFS v\u00a06.1 a\u00a0dodr\u017eiavan\u00edm po\u017eiadaviek t\u00fdchto \u0161tandardov v\u00a0praxi.<\/p>\n<p>\u00b7\u00a0\u00a0\u00a0\u00a0\u00a0\u00a0\u00a0\u00a0 \u0160tudent sa z\u00fa\u010dastn\u00ed na in\u0161pekci\u00e1ch a\u00a0auditoch v\u00a0prev\u00e1dzke. Bude zap\u00e1jan\u00fd do rie\u0161enia aktu\u00e1lnych t\u00e9m v\u00a0r\u00e1mci mana\u017ementu kvality.<\/p>\n","protected":false},"excerpt":{"rendered":"<p>Cukrovarsk\u00e1 726, 926 01 Sere\u010f<br \/>\nmatej.struhar@agrana.com<\/p>\n","protected":false},"featured_media":2216,"template":"","meta":[],"product_brand":[],"product_cat":[225],"product_tag":[314],"class_list":{"0":"post-1901","1":"product","2":"type-product","3":"status-publish","4":"has-post-thumbnail","6":"product_cat-balenie-potravin-potravinarstvo","7":"product_tag-odborna-prax","9":"first","10":"instock","11":"taxable","12":"shipping-taxable","13":"product-type-simple"},"_links":{"self":[{"href":"https:\/\/potravinarstvo.sk\/prax\/wp-json\/wp\/v2\/product\/1901","targetHints":{"allow":["GET"]}}],"collection":[{"href":"https:\/\/potravinarstvo.sk\/prax\/wp-json\/wp\/v2\/product"}],"about":[{"href":"https:\/\/potravinarstvo.sk\/prax\/wp-json\/wp\/v2\/types\/product"}],"wp:featuredmedia":[{"embeddable":true,"href":"https:\/\/potravinarstvo.sk\/prax\/wp-json\/wp\/v2\/media\/2216"}],"wp:attachment":[{"href":"https:\/\/potravinarstvo.sk\/prax\/wp-json\/wp\/v2\/media?parent=1901"}],"wp:term":[{"taxonomy":"product_brand","embeddable":true,"href":"https:\/\/potravinarstvo.sk\/prax\/wp-json\/wp\/v2\/product_brand?post=1901"},{"taxonomy":"product_cat","embeddable":true,"href":"https:\/\/potravinarstvo.sk\/prax\/wp-json\/wp\/v2\/product_cat?post=1901"},{"taxonomy":"product_tag","embeddable":true,"href":"https:\/\/potravinarstvo.sk\/prax\/wp-json\/wp\/v2\/product_tag?post=1901"}],"curies":[{"name":"wp","href":"https:\/\/api.w.org\/{rel}","templated":true}]}}