{"id":1905,"date":"2020-09-15T19:04:00","date_gmt":"2020-09-15T17:04:00","guid":{"rendered":"https:\/\/potravinarstvo.com\/prax\/produkt\/import-placeholder-for-1140\/"},"modified":"2022-09-12T16:30:05","modified_gmt":"2022-09-12T14:30:05","slug":"vysokoskolsky-polnohospodarsky-podnik-spu-s-r-o","status":"publish","type":"product","link":"https:\/\/potravinarstvo.sk\/prax\/produkt\/vysokoskolsky-polnohospodarsky-podnik-spu-s-r-o\/","title":{"rendered":"Vysoko\u0161kolsk\u00fd po\u013enohospod\u00e1rsky podnik SPU s.r.o."},"content":{"rendered":"<p>\u0160tudenti \u0161tudijn\u00fdch programov Agrobiotechnol\u00f3gie, Agropotravin\u00e1rstvo, Bezpe\u010dnos\u0165 a\u00a0kontrola potrav\u00edn, Technol\u00f3gia potrav\u00edn a\u00a0Vin\u00e1rstvo maj\u00fa mo\u017enos\u0165 absolvova\u0165 prev\u00e1dzkov\u00fa alebo odborn\u00fa prax (cel\u00fa alebo \u010das\u0165 praxe ) vo Vysoko\u0161kolskom po\u013enohospod\u00e1rskom podniku SPU, s\u00a0miestom v\u00fdkonu praxe Kol\u00ed\u0148any, \u017dirany a\u00a0Oponice v\u00a0\u010dinnostiach zameran\u00fdch na:<br \/>\n&#8211; pozberov\u00e1 \u00faprava,<br \/>\n&#8211; spracovanie tekvicov\u00fdch semien,<br \/>\n&#8211; dojenie mlieka,<br \/>\n&#8211; spracovanie hrozna na v\u00fdrobu v\u00edna,<br \/>\n&#8211; bioplynov\u00e1 stanica.<\/p>\n","protected":false},"excerpt":{"rendered":"<p>Kol\u00ed\u0148any<br \/>\n<a href=\"mailto:janosovicova@vppspu.sk\">janosovicova@vppspu.sk<\/a><\/p>\n","protected":false},"featured_media":2223,"template":"","meta":[],"product_brand":[],"product_cat":[197],"product_tag":[312],"class_list":{"0":"post-1905","1":"product","2":"type-product","3":"status-publish","4":"has-post-thumbnail","6":"product_cat-agropotravinarstvo","7":"product_tag-odborna-prevadzkova-prax","9":"first","10":"instock","11":"taxable","12":"shipping-taxable","13":"product-type-simple"},"_links":{"self":[{"href":"https:\/\/potravinarstvo.sk\/prax\/wp-json\/wp\/v2\/product\/1905","targetHints":{"allow":["GET"]}}],"collection":[{"href":"https:\/\/potravinarstvo.sk\/prax\/wp-json\/wp\/v2\/product"}],"about":[{"href":"https:\/\/potravinarstvo.sk\/prax\/wp-json\/wp\/v2\/types\/product"}],"wp:featuredmedia":[{"embeddable":true,"href":"https:\/\/potravinarstvo.sk\/prax\/wp-json\/wp\/v2\/media\/2223"}],"wp:attachment":[{"href":"https:\/\/potravinarstvo.sk\/prax\/wp-json\/wp\/v2\/media?parent=1905"}],"wp:term":[{"taxonomy":"product_brand","embeddable":true,"href":"https:\/\/potravinarstvo.sk\/prax\/wp-json\/wp\/v2\/product_brand?post=1905"},{"taxonomy":"product_cat","embeddable":true,"href":"https:\/\/potravinarstvo.sk\/prax\/wp-json\/wp\/v2\/product_cat?post=1905"},{"taxonomy":"product_tag","embeddable":true,"href":"https:\/\/potravinarstvo.sk\/prax\/wp-json\/wp\/v2\/product_tag?post=1905"}],"curies":[{"name":"wp","href":"https:\/\/api.w.org\/{rel}","templated":true}]}}