{"id":1906,"date":"2020-09-15T19:04:00","date_gmt":"2020-09-15T17:04:00","guid":{"rendered":"https:\/\/potravinarstvo.com\/prax\/produkt\/import-placeholder-for-1143\/"},"modified":"2022-09-13T11:26:30","modified_gmt":"2022-09-13T09:26:30","slug":"spu-nitra-diplomova-praca","status":"publish","type":"product","link":"https:\/\/potravinarstvo.sk\/prax\/produkt\/spu-nitra-diplomova-praca\/","title":{"rendered":"SPU Nitra &#8211; diplomov\u00e1 pr\u00e1ca"},"content":{"rendered":"<p>Po schv\u00e1len\u00ed ved\u00facim \u0161kolite\u013eom diplomovej pr\u00e1ce sa akceptuje rozsah dvoch t\u00fd\u017ed\u0148ov pre laborat\u00f3rne rie\u0161enie z\u00e1vere\u010dnej pr\u00e1ce na pracovisk\u00e1ch fakulty.<\/p>\n","protected":false},"excerpt":{"rendered":"<p>Tr. A. Hlinku 2, 949 76 Nitra<br \/>\njozef.capla@uniag.sk<\/p>\n","protected":false},"featured_media":2231,"template":"","meta":[],"product_brand":[],"product_cat":[204],"product_tag":[314],"class_list":{"0":"post-1906","1":"product","2":"type-product","3":"status-publish","4":"has-post-thumbnail","6":"product_cat-fbp-spu-nitra","7":"product_tag-odborna-prax","9":"first","10":"instock","11":"taxable","12":"shipping-taxable","13":"product-type-simple"},"_links":{"self":[{"href":"https:\/\/potravinarstvo.sk\/prax\/wp-json\/wp\/v2\/product\/1906","targetHints":{"allow":["GET"]}}],"collection":[{"href":"https:\/\/potravinarstvo.sk\/prax\/wp-json\/wp\/v2\/product"}],"about":[{"href":"https:\/\/potravinarstvo.sk\/prax\/wp-json\/wp\/v2\/types\/product"}],"wp:featuredmedia":[{"embeddable":true,"href":"https:\/\/potravinarstvo.sk\/prax\/wp-json\/wp\/v2\/media\/2231"}],"wp:attachment":[{"href":"https:\/\/potravinarstvo.sk\/prax\/wp-json\/wp\/v2\/media?parent=1906"}],"wp:term":[{"taxonomy":"product_brand","embeddable":true,"href":"https:\/\/potravinarstvo.sk\/prax\/wp-json\/wp\/v2\/product_brand?post=1906"},{"taxonomy":"product_cat","embeddable":true,"href":"https:\/\/potravinarstvo.sk\/prax\/wp-json\/wp\/v2\/product_cat?post=1906"},{"taxonomy":"product_tag","embeddable":true,"href":"https:\/\/potravinarstvo.sk\/prax\/wp-json\/wp\/v2\/product_tag?post=1906"}],"curies":[{"name":"wp","href":"https:\/\/api.w.org\/{rel}","templated":true}]}}