{"id":1907,"date":"2020-09-15T19:04:00","date_gmt":"2020-09-15T17:04:00","guid":{"rendered":"https:\/\/potravinarstvo.com\/prax\/produkt\/import-placeholder-for-1156\/"},"modified":"2022-09-12T16:26:10","modified_gmt":"2022-09-12T14:26:10","slug":"tomata-s-r-o","status":"publish","type":"product","link":"https:\/\/potravinarstvo.sk\/prax\/produkt\/tomata-s-r-o\/","title":{"rendered":"TOMATA s.r.o."},"content":{"rendered":"<p>Odborn\u00e1 prax (1 miesto):\u00a0 tvorba dokument\u00e1cie spr\u00e1vnej v\u00fdrobnej praxe, aktualiz\u00e1cia syst\u00e9mu HACCP\u00a0 (ide\u00e1lne v piatky)<\/p>\n<p>Prev\u00e1dzkov\u00e1 prax (1 miesto): oper\u00e1tor linky pri spracovan\u00ed paradajok, ka\u017edoro\u010dne v term\u00edne od 15.8. &#8211; 10.9.<\/p>\n","protected":false},"excerpt":{"rendered":"<p>\u017delezni\u010dn\u00fd rad 3154 946 03 Kol\u00e1rovo<br \/>\nkvalita@tomata.sk<\/p>\n","protected":false},"featured_media":2218,"template":"","meta":[],"product_brand":[],"product_cat":[228],"product_tag":[312],"class_list":{"0":"post-1907","1":"product","2":"type-product","3":"status-publish","4":"has-post-thumbnail","6":"product_cat-horcica-a-dresingy-potravinarstvo","7":"product_tag-odborna-prevadzkova-prax","9":"first","10":"instock","11":"taxable","12":"shipping-taxable","13":"product-type-simple"},"_links":{"self":[{"href":"https:\/\/potravinarstvo.sk\/prax\/wp-json\/wp\/v2\/product\/1907","targetHints":{"allow":["GET"]}}],"collection":[{"href":"https:\/\/potravinarstvo.sk\/prax\/wp-json\/wp\/v2\/product"}],"about":[{"href":"https:\/\/potravinarstvo.sk\/prax\/wp-json\/wp\/v2\/types\/product"}],"wp:featuredmedia":[{"embeddable":true,"href":"https:\/\/potravinarstvo.sk\/prax\/wp-json\/wp\/v2\/media\/2218"}],"wp:attachment":[{"href":"https:\/\/potravinarstvo.sk\/prax\/wp-json\/wp\/v2\/media?parent=1907"}],"wp:term":[{"taxonomy":"product_brand","embeddable":true,"href":"https:\/\/potravinarstvo.sk\/prax\/wp-json\/wp\/v2\/product_brand?post=1907"},{"taxonomy":"product_cat","embeddable":true,"href":"https:\/\/potravinarstvo.sk\/prax\/wp-json\/wp\/v2\/product_cat?post=1907"},{"taxonomy":"product_tag","embeddable":true,"href":"https:\/\/potravinarstvo.sk\/prax\/wp-json\/wp\/v2\/product_tag?post=1907"}],"curies":[{"name":"wp","href":"https:\/\/api.w.org\/{rel}","templated":true}]}}