{"id":1911,"date":"2020-09-15T19:04:01","date_gmt":"2020-09-15T17:04:01","guid":{"rendered":"https:\/\/potravinarstvo.com\/prax\/produkt\/import-placeholder-for-1169\/"},"modified":"2020-09-21T20:30:15","modified_gmt":"2020-09-21T18:30:15","slug":"pd-liptovske-revuce","status":"publish","type":"product","link":"https:\/\/potravinarstvo.sk\/prax\/produkt\/pd-liptovske-revuce\/","title":{"rendered":"PD Liptovsk\u00e9 Rev\u00face"},"content":{"rendered":"<p>Kontrola pasenia a o\u0161etrovania oviec; v\u00fdroba krmovinovej z\u00e1kladne na zimn\u00e9 obdobie, kontrola pr\u00edrastkov vo v\u00fdkrme jahniat; vedenie CEHZ, v\u00fdroba mlie\u010dnych produktov v mliek\u00e1rni; pomoc na bit\u00fanku, dota\u010dn\u00e9 stimuly a pod.<\/p>\n","protected":false},"excerpt":{"rendered":"<p>Stredn\u00e1 297, Liptovsk\u00e9 Rev\u00face<br \/>\npdliptrevuce@gmail.com<\/p>\n","protected":false},"featured_media":2005,"template":"","meta":[],"product_brand":[],"product_cat":[197],"product_tag":[312],"class_list":{"0":"post-1911","1":"product","2":"type-product","3":"status-publish","4":"has-post-thumbnail","6":"product_cat-agropotravinarstvo","7":"product_tag-odborna-prevadzkova-prax","9":"first","10":"instock","11":"taxable","12":"shipping-taxable","13":"product-type-simple"},"_links":{"self":[{"href":"https:\/\/potravinarstvo.sk\/prax\/wp-json\/wp\/v2\/product\/1911","targetHints":{"allow":["GET"]}}],"collection":[{"href":"https:\/\/potravinarstvo.sk\/prax\/wp-json\/wp\/v2\/product"}],"about":[{"href":"https:\/\/potravinarstvo.sk\/prax\/wp-json\/wp\/v2\/types\/product"}],"wp:featuredmedia":[{"embeddable":true,"href":"https:\/\/potravinarstvo.sk\/prax\/wp-json\/wp\/v2\/media\/2005"}],"wp:attachment":[{"href":"https:\/\/potravinarstvo.sk\/prax\/wp-json\/wp\/v2\/media?parent=1911"}],"wp:term":[{"taxonomy":"product_brand","embeddable":true,"href":"https:\/\/potravinarstvo.sk\/prax\/wp-json\/wp\/v2\/product_brand?post=1911"},{"taxonomy":"product_cat","embeddable":true,"href":"https:\/\/potravinarstvo.sk\/prax\/wp-json\/wp\/v2\/product_cat?post=1911"},{"taxonomy":"product_tag","embeddable":true,"href":"https:\/\/potravinarstvo.sk\/prax\/wp-json\/wp\/v2\/product_tag?post=1911"}],"curies":[{"name":"wp","href":"https:\/\/api.w.org\/{rel}","templated":true}]}}