{"id":1913,"date":"2020-09-15T19:04:02","date_gmt":"2020-09-15T17:04:02","guid":{"rendered":"https:\/\/potravinarstvo.com\/prax\/produkt\/import-placeholder-for-1176\/"},"modified":"2020-09-21T20:27:12","modified_gmt":"2020-09-21T18:27:12","slug":"slovenska-narodna-akreditacna-sluzba","status":"publish","type":"product","link":"https:\/\/potravinarstvo.sk\/prax\/produkt\/slovenska-narodna-akreditacna-sluzba\/","title":{"rendered":"Slovensk\u00e1 n\u00e1rodn\u00e1 akredita\u010dn\u00e1 slu\u017eba"},"content":{"rendered":"<p>Zimn\u00fd semester: 1 \u0161tudent<\/p>\n<p>Letn\u00fd semester: 2 \u0161tudenti<\/p>\n<p>Prax v term\u00edne: piatky<\/p>\n<p>Pracovn\u00e1 n\u00e1pl\u0148: Obozn\u00e1menie sa s akredit\u00e1ciou org\u00e1nov posudzuj\u00facich zhodu plne v zhode s princ\u00edpmi a krit\u00e9riami medzin\u00e1rodnej akredit\u00e1cie, t.j. pod\u013ea medzin\u00e1rodn\u00fdch noriem, dokumentov glob\u00e1lnych a region\u00e1lnych medzin\u00e1rodn\u00fdch organiz\u00e1ci\u00ed ILAC, IAF a EA<\/p>\n<p>Po\u017eiadavka: znalos\u0165 anglick\u00e9ho jazyka<\/p>\n","protected":false},"excerpt":{"rendered":"<p>Karlovesk\u00e1 63, 840 00 Bratislava 4<br \/>\njuraj.randus@snas.sk<\/p>\n","protected":false},"featured_media":2003,"template":"","meta":[],"product_brand":[],"product_cat":[231],"product_tag":[314],"class_list":{"0":"post-1913","1":"product","2":"type-product","3":"status-publish","4":"has-post-thumbnail","6":"product_cat-slovenska-narodna-akreditacna-sluzba-statna-sprava","7":"product_tag-odborna-prax","9":"first","10":"instock","11":"taxable","12":"shipping-taxable","13":"product-type-simple"},"_links":{"self":[{"href":"https:\/\/potravinarstvo.sk\/prax\/wp-json\/wp\/v2\/product\/1913","targetHints":{"allow":["GET"]}}],"collection":[{"href":"https:\/\/potravinarstvo.sk\/prax\/wp-json\/wp\/v2\/product"}],"about":[{"href":"https:\/\/potravinarstvo.sk\/prax\/wp-json\/wp\/v2\/types\/product"}],"wp:featuredmedia":[{"embeddable":true,"href":"https:\/\/potravinarstvo.sk\/prax\/wp-json\/wp\/v2\/media\/2003"}],"wp:attachment":[{"href":"https:\/\/potravinarstvo.sk\/prax\/wp-json\/wp\/v2\/media?parent=1913"}],"wp:term":[{"taxonomy":"product_brand","embeddable":true,"href":"https:\/\/potravinarstvo.sk\/prax\/wp-json\/wp\/v2\/product_brand?post=1913"},{"taxonomy":"product_cat","embeddable":true,"href":"https:\/\/potravinarstvo.sk\/prax\/wp-json\/wp\/v2\/product_cat?post=1913"},{"taxonomy":"product_tag","embeddable":true,"href":"https:\/\/potravinarstvo.sk\/prax\/wp-json\/wp\/v2\/product_tag?post=1913"}],"curies":[{"name":"wp","href":"https:\/\/api.w.org\/{rel}","templated":true}]}}