{"id":1915,"date":"2020-09-15T19:04:02","date_gmt":"2020-09-15T17:04:02","guid":{"rendered":"https:\/\/potravinarstvo.com\/prax\/produkt\/import-placeholder-for-1184\/"},"modified":"2022-09-12T16:21:37","modified_gmt":"2022-09-12T14:21:37","slug":"savencia-fromage-dairy-sk-a-s","status":"publish","type":"product","link":"https:\/\/potravinarstvo.sk\/prax\/produkt\/savencia-fromage-dairy-sk-a-s\/","title":{"rendered":"Savencia Fromage &amp; Dairy SK, a.s."},"content":{"rendered":"<p>Zapojenie sa do v\u00fdrobn\u00e9ho procesu, sledovanie technologick\u00fdch procesov vo v\u00fdrobe, v\u00fdpomoc pri vypracov\u00e1van\u00ed dokument\u00e1cie. Obozn\u00e1menie sa so smern\u00fdmi technologick\u00fdmi postupmi, sanita\u010dn\u00fdmi postupmi, HACCP a ich aplik\u00e1ciou v praxi. V mikrobiologickom\u00a0 resp. fyzik\u00e1lno chemickom laborat\u00f3riu \u2013 spolupodie\u013eanie na zbere, ozna\u010dovan\u00ed, zapisovan\u00ed a homogeniz\u00e1cii vzoriek. Obozn\u00e1mia sa s postupmi anal\u00fdz (chemick\u00e9 a mikrobiologick\u00e9), \u00a0s pr\u00edpravou roztokov a \u017eivn\u00fdch p\u00f4d, \u00a0pou\u017e\u00edvanie laborat\u00f3rnych denn\u00edkov.<\/p>\n<p>Obozn\u00e1menie sa so zaveden\u00fdmi normami IFS a ISO 22000:2006, asistencia pri intern\u00fdch auditoch, \u00a0v\u00fdpomoc pri pr\u00e1ci s dokument\u00e1ciou,\u00a0 sledovanie trendov,\u00a0 spracov\u00e1vanie podkladov.<\/p>\n<p>&nbsp;<\/p>\n<p>Po\u010det \u0161tudentov: v jednom term\u00edne max. 2 \u0161tudenti<\/p>\n<p>Obdobie: pracovn\u00e9 dni aj po\u010das letn\u00fdch pr\u00e1zdnin<\/p>\n","protected":false},"excerpt":{"rendered":"<p>1.m\u00e1ja 124, 031 80 Liptovsk\u00fd Mikul\u00e1\u0161<br \/>\nlucia.zachejova@savencia-fd.sk<\/p>\n","protected":false},"featured_media":2214,"template":"","meta":[],"product_brand":[],"product_cat":[227],"product_tag":[314],"class_list":{"0":"post-1915","1":"product","2":"type-product","3":"status-publish","4":"has-post-thumbnail","6":"product_cat-mlieko-a-mliecne-vyrobky-potravinarstvo","7":"product_tag-odborna-prax","9":"first","10":"instock","11":"taxable","12":"shipping-taxable","13":"product-type-simple"},"_links":{"self":[{"href":"https:\/\/potravinarstvo.sk\/prax\/wp-json\/wp\/v2\/product\/1915","targetHints":{"allow":["GET"]}}],"collection":[{"href":"https:\/\/potravinarstvo.sk\/prax\/wp-json\/wp\/v2\/product"}],"about":[{"href":"https:\/\/potravinarstvo.sk\/prax\/wp-json\/wp\/v2\/types\/product"}],"wp:featuredmedia":[{"embeddable":true,"href":"https:\/\/potravinarstvo.sk\/prax\/wp-json\/wp\/v2\/media\/2214"}],"wp:attachment":[{"href":"https:\/\/potravinarstvo.sk\/prax\/wp-json\/wp\/v2\/media?parent=1915"}],"wp:term":[{"taxonomy":"product_brand","embeddable":true,"href":"https:\/\/potravinarstvo.sk\/prax\/wp-json\/wp\/v2\/product_brand?post=1915"},{"taxonomy":"product_cat","embeddable":true,"href":"https:\/\/potravinarstvo.sk\/prax\/wp-json\/wp\/v2\/product_cat?post=1915"},{"taxonomy":"product_tag","embeddable":true,"href":"https:\/\/potravinarstvo.sk\/prax\/wp-json\/wp\/v2\/product_tag?post=1915"}],"curies":[{"name":"wp","href":"https:\/\/api.w.org\/{rel}","templated":true}]}}