{"id":1916,"date":"2020-09-15T19:04:02","date_gmt":"2020-09-15T17:04:02","guid":{"rendered":"https:\/\/potravinarstvo.com\/prax\/produkt\/import-placeholder-for-1342\/"},"modified":"2020-09-21T20:22:27","modified_gmt":"2020-09-21T18:22:27","slug":"mccarter-a-s","status":"publish","type":"product","link":"https:\/\/potravinarstvo.sk\/prax\/produkt\/mccarter-a-s\/","title":{"rendered":"McCarter a.s."},"content":{"rendered":"<p>&#8218;- oblasti (n\u00e1kup, logistika, v\u00fdroba, v\u00fdskum, v\u00fdvoj, riadenie kvality)<br \/>\n&#8211; \u010dinnosti (v prvom t\u00fd\u017edni detailn\u00e9 inform\u00e1cie o zvolenej problematike, v druhom praktick\u00e9 overenie inform\u00e1cie na vybratom pracovisku)<\/p>\n","protected":false},"excerpt":{"rendered":"<p>Budovate\u013esk\u00e1 1247\/7, 929 01 Dunajsk\u00e1 Streda<br \/>\ndurec@mccarter.sk<\/p>\n","protected":false},"featured_media":1999,"template":"","meta":[],"product_brand":[],"product_cat":[232],"product_tag":[314],"class_list":{"0":"post-1916","1":"product","2":"type-product","3":"status-publish","4":"has-post-thumbnail","6":"product_cat-nealko-napoje-potravinarstvo","7":"product_tag-odborna-prax","9":"first","10":"instock","11":"taxable","12":"shipping-taxable","13":"product-type-simple"},"_links":{"self":[{"href":"https:\/\/potravinarstvo.sk\/prax\/wp-json\/wp\/v2\/product\/1916","targetHints":{"allow":["GET"]}}],"collection":[{"href":"https:\/\/potravinarstvo.sk\/prax\/wp-json\/wp\/v2\/product"}],"about":[{"href":"https:\/\/potravinarstvo.sk\/prax\/wp-json\/wp\/v2\/types\/product"}],"wp:featuredmedia":[{"embeddable":true,"href":"https:\/\/potravinarstvo.sk\/prax\/wp-json\/wp\/v2\/media\/1999"}],"wp:attachment":[{"href":"https:\/\/potravinarstvo.sk\/prax\/wp-json\/wp\/v2\/media?parent=1916"}],"wp:term":[{"taxonomy":"product_brand","embeddable":true,"href":"https:\/\/potravinarstvo.sk\/prax\/wp-json\/wp\/v2\/product_brand?post=1916"},{"taxonomy":"product_cat","embeddable":true,"href":"https:\/\/potravinarstvo.sk\/prax\/wp-json\/wp\/v2\/product_cat?post=1916"},{"taxonomy":"product_tag","embeddable":true,"href":"https:\/\/potravinarstvo.sk\/prax\/wp-json\/wp\/v2\/product_tag?post=1916"}],"curies":[{"name":"wp","href":"https:\/\/api.w.org\/{rel}","templated":true}]}}