{"id":1917,"date":"2020-09-15T19:04:03","date_gmt":"2020-09-15T17:04:03","guid":{"rendered":"https:\/\/potravinarstvo.com\/prax\/produkt\/import-placeholder-for-1357\/"},"modified":"2022-09-13T11:25:04","modified_gmt":"2022-09-13T09:25:04","slug":"hsh-spol-s-r-o","status":"publish","type":"product","link":"https:\/\/potravinarstvo.sk\/prax\/produkt\/hsh-spol-s-r-o\/","title":{"rendered":"HSH spol. s r. o."},"content":{"rendered":"<p>Porciovanie kur\u010diat, balenie a ozna\u010dovanie tovarov, v\u00fdroba hydinov\u00fdch v\u00fdrobkov &#8211; dodr\u017eiavanie technologick\u00fdch postupov.<\/p>\n<p>Podmienka: platn\u00fd zdravotn\u00fd preukaz.<\/p>\n","protected":false},"excerpt":{"rendered":"<p>Ve\u013ek\u00e9 Z\u00e1lu\u017eie, Pod ka\u0161tie\u013eom 319<br \/>\nhsh@hsh.sk<\/p>\n","protected":false},"featured_media":2229,"template":"","meta":[],"product_brand":[],"product_cat":[233],"product_tag":[312],"class_list":{"0":"post-1917","1":"product","2":"type-product","3":"status-publish","4":"has-post-thumbnail","6":"product_cat-bitunok-potravinarstvo","7":"product_tag-odborna-prevadzkova-prax","9":"first","10":"instock","11":"taxable","12":"shipping-taxable","13":"product-type-simple"},"_links":{"self":[{"href":"https:\/\/potravinarstvo.sk\/prax\/wp-json\/wp\/v2\/product\/1917","targetHints":{"allow":["GET"]}}],"collection":[{"href":"https:\/\/potravinarstvo.sk\/prax\/wp-json\/wp\/v2\/product"}],"about":[{"href":"https:\/\/potravinarstvo.sk\/prax\/wp-json\/wp\/v2\/types\/product"}],"wp:featuredmedia":[{"embeddable":true,"href":"https:\/\/potravinarstvo.sk\/prax\/wp-json\/wp\/v2\/media\/2229"}],"wp:attachment":[{"href":"https:\/\/potravinarstvo.sk\/prax\/wp-json\/wp\/v2\/media?parent=1917"}],"wp:term":[{"taxonomy":"product_brand","embeddable":true,"href":"https:\/\/potravinarstvo.sk\/prax\/wp-json\/wp\/v2\/product_brand?post=1917"},{"taxonomy":"product_cat","embeddable":true,"href":"https:\/\/potravinarstvo.sk\/prax\/wp-json\/wp\/v2\/product_cat?post=1917"},{"taxonomy":"product_tag","embeddable":true,"href":"https:\/\/potravinarstvo.sk\/prax\/wp-json\/wp\/v2\/product_tag?post=1917"}],"curies":[{"name":"wp","href":"https:\/\/api.w.org\/{rel}","templated":true}]}}