{"id":1918,"date":"2020-09-15T19:04:03","date_gmt":"2020-09-15T17:04:03","guid":{"rendered":"https:\/\/potravinarstvo.com\/prax\/produkt\/import-placeholder-for-1362\/"},"modified":"2022-09-12T16:06:45","modified_gmt":"2022-09-12T14:06:45","slug":"get-group-s-r-o","status":"publish","type":"product","link":"https:\/\/potravinarstvo.sk\/prax\/produkt\/get-group-s-r-o\/","title":{"rendered":"GET group, s.r.o."},"content":{"rendered":"<p>Rozr\u00e1bka jato\u010dn\u00fdch tiel &#8211; hov\u00e4dz\u00ed dobytok, o\u0161\u00edpan\u00e9, jah\u0148at\u00e1, V\u00fdroba m\u00e4sov\u00fdch v\u00fdrobkov, Balenie a ozna\u010dovanie tovarov, Z\u00e1kladn\u00e9 princ\u00edpy HACCP.<\/p>\n<p>Podmienka : Platn\u00fd zdravotn\u00fd preukaz<\/p>\n","protected":false},"excerpt":{"rendered":"<p>Ro\u017e\u0148ava<br \/>\nv.tomasikova@agrotradegroup.sk<\/p>\n","protected":false},"featured_media":2205,"template":"","meta":[],"product_brand":[],"product_cat":[234],"product_tag":[312],"class_list":{"0":"post-1918","1":"product","2":"type-product","3":"status-publish","4":"has-post-thumbnail","6":"product_cat-maso-a-masove-vyrobky-potravinarstvo","7":"product_tag-odborna-prevadzkova-prax","9":"first","10":"instock","11":"taxable","12":"shipping-taxable","13":"product-type-simple"},"_links":{"self":[{"href":"https:\/\/potravinarstvo.sk\/prax\/wp-json\/wp\/v2\/product\/1918","targetHints":{"allow":["GET"]}}],"collection":[{"href":"https:\/\/potravinarstvo.sk\/prax\/wp-json\/wp\/v2\/product"}],"about":[{"href":"https:\/\/potravinarstvo.sk\/prax\/wp-json\/wp\/v2\/types\/product"}],"wp:featuredmedia":[{"embeddable":true,"href":"https:\/\/potravinarstvo.sk\/prax\/wp-json\/wp\/v2\/media\/2205"}],"wp:attachment":[{"href":"https:\/\/potravinarstvo.sk\/prax\/wp-json\/wp\/v2\/media?parent=1918"}],"wp:term":[{"taxonomy":"product_brand","embeddable":true,"href":"https:\/\/potravinarstvo.sk\/prax\/wp-json\/wp\/v2\/product_brand?post=1918"},{"taxonomy":"product_cat","embeddable":true,"href":"https:\/\/potravinarstvo.sk\/prax\/wp-json\/wp\/v2\/product_cat?post=1918"},{"taxonomy":"product_tag","embeddable":true,"href":"https:\/\/potravinarstvo.sk\/prax\/wp-json\/wp\/v2\/product_tag?post=1918"}],"curies":[{"name":"wp","href":"https:\/\/api.w.org\/{rel}","templated":true}]}}