{"id":1921,"date":"2020-09-15T19:04:03","date_gmt":"2020-09-15T17:04:03","guid":{"rendered":"https:\/\/potravinarstvo.com\/prax\/produkt\/import-placeholder-for-1376\/"},"modified":"2022-09-12T15:58:39","modified_gmt":"2022-09-12T13:58:39","slug":"enviral-a-s","status":"publish","type":"product","link":"https:\/\/potravinarstvo.sk\/prax\/produkt\/enviral-a-s\/","title":{"rendered":"ENVIRAL, a.s."},"content":{"rendered":"<p>Prev\u00e1dzkov\u00e1 prax (Aplikovan\u00e1 biol\u00f3gia, Agrobiotechnol\u00f3gie, Agropotravin\u00e1rstvo) &#8211; pomocn\u00e9 pr\u00e1ce, ako napr. udr\u017eiavanie poriadku a \u010distoty na prev\u00e1dzkach, alebo odbern\u00e9 miesta, udr\u017eiavanie \u010distoty a poriadku v technologick\u00fdch \u010dastiach, a to hydrol\u00fdza, ferment\u00e1cia, destil\u00e1cia, odparovacia stanica, su\u0161iare\u0148 a peletiz\u00e1cia, exped\u00edcia DDGS, mlynica, pr\u00edjem surov\u00edn.<\/p>\n<p>V pr\u00edpade potreby administrat\u00edvne pr\u00e1ce ako vyh\u013eadanie, roztriedenie, zalo\u017eenie dokumentov z v\u00fdroby.<\/p>\n<p>&nbsp;<\/p>\n","protected":false},"excerpt":{"rendered":"<p>Trnavsk\u00e1 cesta, 920 41 Leopoldov<br \/>\nsidlikova@enviengroup.eu<\/p>\n","protected":false},"featured_media":2202,"template":"","meta":[],"product_brand":[],"product_cat":[205],"product_tag":[313],"class_list":{"0":"post-1921","1":"product","2":"type-product","3":"status-publish","4":"has-post-thumbnail","6":"product_cat-biotechnologia","7":"product_tag-prevadzkova-prax","9":"first","10":"instock","11":"taxable","12":"shipping-taxable","13":"product-type-simple"},"_links":{"self":[{"href":"https:\/\/potravinarstvo.sk\/prax\/wp-json\/wp\/v2\/product\/1921","targetHints":{"allow":["GET"]}}],"collection":[{"href":"https:\/\/potravinarstvo.sk\/prax\/wp-json\/wp\/v2\/product"}],"about":[{"href":"https:\/\/potravinarstvo.sk\/prax\/wp-json\/wp\/v2\/types\/product"}],"wp:featuredmedia":[{"embeddable":true,"href":"https:\/\/potravinarstvo.sk\/prax\/wp-json\/wp\/v2\/media\/2202"}],"wp:attachment":[{"href":"https:\/\/potravinarstvo.sk\/prax\/wp-json\/wp\/v2\/media?parent=1921"}],"wp:term":[{"taxonomy":"product_brand","embeddable":true,"href":"https:\/\/potravinarstvo.sk\/prax\/wp-json\/wp\/v2\/product_brand?post=1921"},{"taxonomy":"product_cat","embeddable":true,"href":"https:\/\/potravinarstvo.sk\/prax\/wp-json\/wp\/v2\/product_cat?post=1921"},{"taxonomy":"product_tag","embeddable":true,"href":"https:\/\/potravinarstvo.sk\/prax\/wp-json\/wp\/v2\/product_tag?post=1921"}],"curies":[{"name":"wp","href":"https:\/\/api.w.org\/{rel}","templated":true}]}}