{"id":1925,"date":"2020-09-15T19:04:10","date_gmt":"2020-09-15T17:04:10","guid":{"rendered":"https:\/\/potravinarstvo.com\/prax\/produkt\/import-placeholder-for-1390\/"},"modified":"2020-09-21T19:25:19","modified_gmt":"2020-09-21T17:25:19","slug":"levicke-mliekarne-a-s","status":"publish","type":"product","link":"https:\/\/potravinarstvo.sk\/prax\/produkt\/levicke-mliekarne-a-s\/","title":{"rendered":"LEVICK\u00c9 MLIEK\u00c1RNE a.s."},"content":{"rendered":"<p>&#8218;- spolupr\u00e1ca na v\u00fdvoji a zaveden\u00ed do v\u00fdroby funk\u010dn\u00fdch kyslomlie\u010dnych v\u00fdrobkov (KMV) na b\u00e1ze kef\u00edru (probiotik\u00e1, prebiotik\u00e1 + inul\u00edn, resp. in\u00e9 oligosacharidy + \u013eanov\u00e9 semen\u00e1),<br \/>\n&#8211; spolupr\u00e1ca na v\u00fdvoji a zaveden\u00ed do v\u00fdroby KMV na b\u00e1ze skyru (neochuten\u00e9 i ochuten\u00e9) za pou\u017eitia separa\u010dnej met\u00f3dy UF<br \/>\n&#8211; spolupr\u00e1ca na v\u00fdvoji a zaveden\u00ed do v\u00fdroby nov\u00e9ho ples\u0148ov\u00e9ho syra typu roquefort.<\/p>\n<p>Po\u010det \u0161tudentov: 2<\/p>\n","protected":false},"excerpt":{"rendered":"<p>J\u00farska cesta \u010d. 2, 934 01 Levice<br \/>\nzdenko.feriencik@levmilk.sk<\/p>\n","protected":false},"featured_media":1394,"template":"","meta":[],"product_brand":[],"product_cat":[227],"product_tag":[314],"class_list":{"0":"post-1925","1":"product","2":"type-product","3":"status-publish","4":"has-post-thumbnail","6":"product_cat-mlieko-a-mliecne-vyrobky-potravinarstvo","7":"product_tag-odborna-prax","9":"first","10":"instock","11":"taxable","12":"shipping-taxable","13":"product-type-simple"},"_links":{"self":[{"href":"https:\/\/potravinarstvo.sk\/prax\/wp-json\/wp\/v2\/product\/1925","targetHints":{"allow":["GET"]}}],"collection":[{"href":"https:\/\/potravinarstvo.sk\/prax\/wp-json\/wp\/v2\/product"}],"about":[{"href":"https:\/\/potravinarstvo.sk\/prax\/wp-json\/wp\/v2\/types\/product"}],"wp:featuredmedia":[{"embeddable":true,"href":"https:\/\/potravinarstvo.sk\/prax\/wp-json\/wp\/v2\/media\/1394"}],"wp:attachment":[{"href":"https:\/\/potravinarstvo.sk\/prax\/wp-json\/wp\/v2\/media?parent=1925"}],"wp:term":[{"taxonomy":"product_brand","embeddable":true,"href":"https:\/\/potravinarstvo.sk\/prax\/wp-json\/wp\/v2\/product_brand?post=1925"},{"taxonomy":"product_cat","embeddable":true,"href":"https:\/\/potravinarstvo.sk\/prax\/wp-json\/wp\/v2\/product_cat?post=1925"},{"taxonomy":"product_tag","embeddable":true,"href":"https:\/\/potravinarstvo.sk\/prax\/wp-json\/wp\/v2\/product_tag?post=1925"}],"curies":[{"name":"wp","href":"https:\/\/api.w.org\/{rel}","templated":true}]}}