{"id":1926,"date":"2020-09-15T19:04:11","date_gmt":"2020-09-15T17:04:11","guid":{"rendered":"https:\/\/potravinarstvo.com\/prax\/produkt\/import-placeholder-for-1397\/"},"modified":"2022-09-12T16:00:14","modified_gmt":"2022-09-12T14:00:14","slug":"evonik-fermas-s-r-o","status":"publish","type":"product","link":"https:\/\/potravinarstvo.sk\/prax\/produkt\/evonik-fermas-s-r-o\/","title":{"rendered":"Evonik Fermas s.r.o."},"content":{"rendered":"<p>1.\u00a0 \u00a0 \u00a0 \u00a0 \u00a0Ponuka: Transfer nov\u00e9ho fermenta\u010dn\u00e9ho procesu do v\u00fdrobn\u00e9ho mer\u00edtka (biotechnol\u00f3gia)<\/p>\n<p>a.\u00a0\u00a0\u00a0\u00a0\u00a0\u00a0\u00a0\u00a0 Pr\u00edprava inokula kultiv\u00e1ciou v bani\u010dk\u00e1ch<\/p>\n<p>b.\u00a0\u00a0\u00a0\u00a0\u00a0\u00a0\u00a0\u00a0 Pr\u00edprava inokula kultiv\u00e1ciou v laborat\u00f3rnom fermentore<\/p>\n<p>c.\u00a0\u00a0\u00a0\u00a0\u00a0\u00a0\u00a0\u00a0 Transfer technol\u00f3gie do v\u00fdrobn\u00e9ho mer\u00edtka (dokument\u00e1cia, kontrola procesu)<\/p>\n<p>d.\u00a0\u00a0\u00a0\u00a0\u00a0\u00a0\u00a0\u00a0 HACCP anal\u00fdza ako \u010das\u0165 pr\u00edpravy na kampa\u0148<\/p>\n<p>e.\u00a0\u00a0\u00a0\u00a0\u00a0\u00a0\u00a0\u00a0 Vyhodnotenie individu\u00e1lnej \u0161ar\u017ee a kampane<\/p>\n<p>&nbsp;<\/p>\n<p>2.\u00a0\u00a0\u00a0\u00a0\u00a0\u00a0\u00a0\u00a0 Ponuka: Transfer nov\u00e9ho izola\u010dn\u00e9ho procesu do v\u00fdrobn\u00e9ho mer\u00edtka (biotechnol\u00f3gia, technol\u00f3gia potrav\u00edn, bezpe\u010dnos\u0165 potrav\u00edn)<\/p>\n<p>a.\u00a0\u00a0\u00a0\u00a0\u00a0\u00a0\u00a0\u00a0 Pr\u00edprava blokovej sch\u00e9my a hmotnostnej bilancie procesu<\/p>\n<p>b.\u00a0\u00a0\u00a0\u00a0\u00a0\u00a0\u00a0\u00a0 Vyhodnotenie odpadov a ich kategoriz\u00e1cia<\/p>\n<p>c.\u00a0\u00a0\u00a0\u00a0\u00a0\u00a0\u00a0\u00a0 Pr\u00edprava predpisovej a z\u00e1znamovej dokument\u00e1cie<\/p>\n<p>d.\u00a0\u00a0\u00a0\u00a0\u00a0\u00a0\u00a0\u00a0 Dozor be\u017eiacich \u0161ar\u017e\u00ed<\/p>\n<p>e.\u00a0\u00a0\u00a0\u00a0\u00a0\u00a0\u00a0\u00a0 HACCP anal\u00fdza ako \u010das\u0165 pr\u00edpravy na kampa\u0148<\/p>\n<p>f.\u00a0\u00a0\u00a0\u00a0\u00a0\u00a0\u00a0\u00a0 Vyhodnotenie individu\u00e1lnej \u0161ar\u017ee a kampane<\/p>\n<p>&nbsp;<\/p>\n<p>3.\u00a0\u00a0\u00a0\u00a0\u00a0\u00a0\u00a0 Ponuka:\u00a0 Transfer technol\u00f3gie to laborat\u00f3rneho mer\u00edtka (biotechnol\u00f3gia)<\/p>\n<p>a.\u00a0\u00a0\u00a0\u00a0\u00a0\u00a0\u00a0\u00a0 Nadefinovanie scalu-down modelu<\/p>\n<p>b.\u00a0\u00a0\u00a0\u00a0\u00a0\u00a0\u00a0\u00a0 Familiariza\u010dn\u00e9 experimenty<\/p>\n<p>c.\u00a0\u00a0\u00a0\u00a0\u00a0\u00a0\u00a0\u00a0 Industrializa\u010dn\u00e9 experimenty<\/p>\n<p>d.\u00a0\u00a0\u00a0\u00a0\u00a0\u00a0\u00a0\u00a0 Transfer analytick\u00fdch met\u00f3d<\/p>\n","protected":false},"excerpt":{"rendered":"<p>976 13 Slovenska Lupca 938,<br \/>\nmiroslava.cikosova@evonik.com<\/p>\n","protected":false},"featured_media":2203,"template":"","meta":[],"product_brand":[],"product_cat":[205],"product_tag":[314],"class_list":{"0":"post-1926","1":"product","2":"type-product","3":"status-publish","4":"has-post-thumbnail","6":"product_cat-biotechnologia","7":"product_tag-odborna-prax","9":"first","10":"instock","11":"taxable","12":"shipping-taxable","13":"product-type-simple"},"_links":{"self":[{"href":"https:\/\/potravinarstvo.sk\/prax\/wp-json\/wp\/v2\/product\/1926","targetHints":{"allow":["GET"]}}],"collection":[{"href":"https:\/\/potravinarstvo.sk\/prax\/wp-json\/wp\/v2\/product"}],"about":[{"href":"https:\/\/potravinarstvo.sk\/prax\/wp-json\/wp\/v2\/types\/product"}],"wp:featuredmedia":[{"embeddable":true,"href":"https:\/\/potravinarstvo.sk\/prax\/wp-json\/wp\/v2\/media\/2203"}],"wp:attachment":[{"href":"https:\/\/potravinarstvo.sk\/prax\/wp-json\/wp\/v2\/media?parent=1926"}],"wp:term":[{"taxonomy":"product_brand","embeddable":true,"href":"https:\/\/potravinarstvo.sk\/prax\/wp-json\/wp\/v2\/product_brand?post=1926"},{"taxonomy":"product_cat","embeddable":true,"href":"https:\/\/potravinarstvo.sk\/prax\/wp-json\/wp\/v2\/product_cat?post=1926"},{"taxonomy":"product_tag","embeddable":true,"href":"https:\/\/potravinarstvo.sk\/prax\/wp-json\/wp\/v2\/product_tag?post=1926"}],"curies":[{"name":"wp","href":"https:\/\/api.w.org\/{rel}","templated":true}]}}