{"id":1930,"date":"2020-09-15T19:04:11","date_gmt":"2020-09-15T17:04:11","guid":{"rendered":"https:\/\/potravinarstvo.com\/prax\/produkt\/import-placeholder-for-1416\/"},"modified":"2020-09-17T10:53:22","modified_gmt":"2020-09-17T08:53:22","slug":"regionalna-veterinarna-a-potravinova-sprava-sala","status":"publish","type":"product","link":"https:\/\/potravinarstvo.sk\/prax\/produkt\/regionalna-veterinarna-a-potravinova-sprava-sala\/","title":{"rendered":"Region\u00e1lna veterin\u00e1rna a potravinov\u00e1 spr\u00e1va \u0160a\u013ea"},"content":{"rendered":"<p>N\u00e1pl\u0148 pr\u00e1ce: Kontroln\u00e1 \u010dinnos\u0165 v\u00a0obchodnej sieti. Odber vzoriek.<\/p>\n","protected":false},"excerpt":{"rendered":"<p>\u0160kolsk\u00e1 5, 927 00 \u0160a\u013ea<br \/>\nRiaditel.SA@svps.sk<\/p>\n","protected":false},"featured_media":0,"template":"","meta":[],"product_brand":[],"product_cat":[239],"product_tag":[314],"class_list":{"0":"post-1930","1":"product","2":"type-product","3":"status-publish","5":"product_cat-statna-veterinarna-a-potravinova-sprava-sr-uradna-kontrola-potravin","6":"product_tag-odborna-prax","8":"first","9":"instock","10":"taxable","11":"shipping-taxable","12":"product-type-simple"},"_links":{"self":[{"href":"https:\/\/potravinarstvo.sk\/prax\/wp-json\/wp\/v2\/product\/1930","targetHints":{"allow":["GET"]}}],"collection":[{"href":"https:\/\/potravinarstvo.sk\/prax\/wp-json\/wp\/v2\/product"}],"about":[{"href":"https:\/\/potravinarstvo.sk\/prax\/wp-json\/wp\/v2\/types\/product"}],"wp:attachment":[{"href":"https:\/\/potravinarstvo.sk\/prax\/wp-json\/wp\/v2\/media?parent=1930"}],"wp:term":[{"taxonomy":"product_brand","embeddable":true,"href":"https:\/\/potravinarstvo.sk\/prax\/wp-json\/wp\/v2\/product_brand?post=1930"},{"taxonomy":"product_cat","embeddable":true,"href":"https:\/\/potravinarstvo.sk\/prax\/wp-json\/wp\/v2\/product_cat?post=1930"},{"taxonomy":"product_tag","embeddable":true,"href":"https:\/\/potravinarstvo.sk\/prax\/wp-json\/wp\/v2\/product_tag?post=1930"}],"curies":[{"name":"wp","href":"https:\/\/api.w.org\/{rel}","templated":true}]}}