{"id":1935,"date":"2020-09-15T19:04:12","date_gmt":"2020-09-15T17:04:12","guid":{"rendered":"https:\/\/potravinarstvo.com\/prax\/produkt\/import-placeholder-for-1471\/"},"modified":"2020-09-21T19:50:29","modified_gmt":"2020-09-21T17:50:29","slug":"mila-agro-spol-s-r-o","status":"publish","type":"product","link":"https:\/\/potravinarstvo.sk\/prax\/produkt\/mila-agro-spol-s-r-o\/","title":{"rendered":"MILK-AGRO spol. s r.o."},"content":{"rendered":"<p>Pr\u00e1ca v laborat\u00f3riu\u00a0 ( mikrobiol\u00f3gia , ch\u00e9mia ) , kontrola vstupn\u00e1 , medziopera\u010dn\u00e1 a v\u00fdstupn\u00e1 ,<\/p>\n<p>agenda HACCP , SVP , ISO<\/p>\n","protected":false},"excerpt":{"rendered":"<p>Holl\u00e9ho 43 , 083 01 Sabinov<br \/>\nkunda@milkagro.sk<\/p>\n","protected":false},"featured_media":1988,"template":"","meta":[],"product_brand":[],"product_cat":[227],"product_tag":[312],"class_list":{"0":"post-1935","1":"product","2":"type-product","3":"status-publish","4":"has-post-thumbnail","6":"product_cat-mlieko-a-mliecne-vyrobky-potravinarstvo","7":"product_tag-odborna-prevadzkova-prax","9":"first","10":"instock","11":"taxable","12":"shipping-taxable","13":"product-type-simple"},"_links":{"self":[{"href":"https:\/\/potravinarstvo.sk\/prax\/wp-json\/wp\/v2\/product\/1935","targetHints":{"allow":["GET"]}}],"collection":[{"href":"https:\/\/potravinarstvo.sk\/prax\/wp-json\/wp\/v2\/product"}],"about":[{"href":"https:\/\/potravinarstvo.sk\/prax\/wp-json\/wp\/v2\/types\/product"}],"wp:featuredmedia":[{"embeddable":true,"href":"https:\/\/potravinarstvo.sk\/prax\/wp-json\/wp\/v2\/media\/1988"}],"wp:attachment":[{"href":"https:\/\/potravinarstvo.sk\/prax\/wp-json\/wp\/v2\/media?parent=1935"}],"wp:term":[{"taxonomy":"product_brand","embeddable":true,"href":"https:\/\/potravinarstvo.sk\/prax\/wp-json\/wp\/v2\/product_brand?post=1935"},{"taxonomy":"product_cat","embeddable":true,"href":"https:\/\/potravinarstvo.sk\/prax\/wp-json\/wp\/v2\/product_cat?post=1935"},{"taxonomy":"product_tag","embeddable":true,"href":"https:\/\/potravinarstvo.sk\/prax\/wp-json\/wp\/v2\/product_tag?post=1935"}],"curies":[{"name":"wp","href":"https:\/\/api.w.org\/{rel}","templated":true}]}}