{"id":1936,"date":"2020-09-15T19:04:12","date_gmt":"2020-09-15T17:04:12","guid":{"rendered":"https:\/\/potravinarstvo.com\/prax\/produkt\/import-placeholder-for-1473\/"},"modified":"2022-09-12T16:26:49","modified_gmt":"2022-09-12T14:26:49","slug":"ustredny-kontrolny-a-skusobny-ustav-polnohospodarsky","status":"publish","type":"product","link":"https:\/\/potravinarstvo.sk\/prax\/produkt\/ustredny-kontrolny-a-skusobny-ustav-polnohospodarsky\/","title":{"rendered":"\u00dastredn\u00fd kontroln\u00fd a sk\u00fa\u0161obn\u00fd \u00fastav po\u013enohospod\u00e1rsky"},"content":{"rendered":"<p>Odborn\u00e9 pr\u00e1ce pri vyhodnocovan\u00ed pokusov (plod\u00edn) (odrodov\u00e9 pokusy).<\/p>\n","protected":false},"excerpt":{"rendered":"<p>Tov\u00e1rensk\u00e1 421, 01861 Belu\u0161a<br \/>\njuraj.mosko@uksup.sk<\/p>\n","protected":false},"featured_media":2219,"template":"","meta":[],"product_brand":[],"product_cat":[200,241],"product_tag":[314],"class_list":{"0":"post-1936","1":"product","2":"type-product","3":"status-publish","4":"has-post-thumbnail","6":"product_cat-kontroly-a-skusobny-ustav-polnohospodarsky","7":"product_cat-ustredny-statna-sprava","8":"product_tag-odborna-prax","10":"first","11":"instock","12":"taxable","13":"shipping-taxable","14":"product-type-simple"},"_links":{"self":[{"href":"https:\/\/potravinarstvo.sk\/prax\/wp-json\/wp\/v2\/product\/1936","targetHints":{"allow":["GET"]}}],"collection":[{"href":"https:\/\/potravinarstvo.sk\/prax\/wp-json\/wp\/v2\/product"}],"about":[{"href":"https:\/\/potravinarstvo.sk\/prax\/wp-json\/wp\/v2\/types\/product"}],"wp:featuredmedia":[{"embeddable":true,"href":"https:\/\/potravinarstvo.sk\/prax\/wp-json\/wp\/v2\/media\/2219"}],"wp:attachment":[{"href":"https:\/\/potravinarstvo.sk\/prax\/wp-json\/wp\/v2\/media?parent=1936"}],"wp:term":[{"taxonomy":"product_brand","embeddable":true,"href":"https:\/\/potravinarstvo.sk\/prax\/wp-json\/wp\/v2\/product_brand?post=1936"},{"taxonomy":"product_cat","embeddable":true,"href":"https:\/\/potravinarstvo.sk\/prax\/wp-json\/wp\/v2\/product_cat?post=1936"},{"taxonomy":"product_tag","embeddable":true,"href":"https:\/\/potravinarstvo.sk\/prax\/wp-json\/wp\/v2\/product_tag?post=1936"}],"curies":[{"name":"wp","href":"https:\/\/api.w.org\/{rel}","templated":true}]}}