{"id":1938,"date":"2020-09-15T19:04:12","date_gmt":"2020-09-15T17:04:12","guid":{"rendered":"https:\/\/potravinarstvo.com\/prax\/produkt\/import-placeholder-for-1504\/"},"modified":"2021-04-26T13:32:51","modified_gmt":"2021-04-26T11:32:51","slug":"ekvia-s-r-o","status":"publish","type":"product","link":"https:\/\/potravinarstvo.sk\/prax\/produkt\/ekvia-s-r-o\/","title":{"rendered":"Ekvia s.r.o."},"content":{"rendered":"<p><img loading=\"lazy\" decoding=\"async\" class=\"alignnone size-medium wp-image-2087\" src=\"https:\/\/potravinarstvo.com\/prax\/wp-content\/uploads\/2020\/09\/ekvia-prax_fin-1-212x300.jpg\" alt=\"Ekvia prax 2021\" width=\"212\" height=\"300\" srcset=\"https:\/\/potravinarstvo.sk\/prax\/wp-content\/uploads\/2020\/09\/ekvia-prax_fin-1-212x300.jpg 212w, https:\/\/potravinarstvo.sk\/prax\/wp-content\/uploads\/2020\/09\/ekvia-prax_fin-1-300x424.jpg 300w, https:\/\/potravinarstvo.sk\/prax\/wp-content\/uploads\/2020\/09\/ekvia-prax_fin-1-724x1024.jpg 724w, https:\/\/potravinarstvo.sk\/prax\/wp-content\/uploads\/2020\/09\/ekvia-prax_fin-1.jpg 745w\" sizes=\"auto, (max-width: 212px) 100vw, 212px\" \/><\/p>\n<p>Pr\u00e1ca s datab\u00e1zou \u00fadajov kvality, obozn\u00e1menie sa s obsahom produktov\u00fdch \u0161pecifik\u00e1ci\u00ed, ich tvorbou, po\u017eiadavkami legislat\u00edvy na ozna\u010dovanie produktov, kontrola produktov a ich ozna\u010dovania v sklade, kontrola \u00fadajov dod\u00e1vate\u013eov, kontrola a \u00faprava etikiet.<\/p>\n<p>Prax je mo\u017en\u00e9 absolvova\u0165 v rozmedz\u00ed mesiacov j\u00fal &#8211; okt\u00f3ber, ide\u00e1lne po\u010das leta.<\/p>\n<p>Trvanie 6 t\u00fd\u017ed\u0148ov po sebe\/ 1 osoba &#8211; v\u00edtan\u00e9. Viacer\u00e9 osoby m\u00f4\u017eu by\u0165 naraz v jednom obdob\u00ed na r\u00f4znu d\u013a\u017eku.<\/p>\n<p>V pr\u00edpade spokojnosti odmena.<\/p>\n<p>Benefit: obedy zdarma.<\/p>\n<p>Prax v lete 2021: https:\/\/fbp.uniag.sk\/files\/fbp\/dokumenty\/mix\/ekvia%20prax_fin.pdf<\/p>\n","protected":false},"excerpt":{"rendered":"<p>Nitra<br \/>\npetra.stupkova@ekvia.sk<\/p>\n","protected":false},"featured_media":1985,"template":"","meta":[],"product_brand":[],"product_cat":[196],"product_tag":[314],"class_list":{"0":"post-1938","1":"product","2":"type-product","3":"status-publish","4":"has-post-thumbnail","6":"product_cat-potravinarstvo","7":"product_tag-odborna-prax","9":"first","10":"instock","11":"featured","12":"taxable","13":"shipping-taxable","14":"product-type-simple"},"_links":{"self":[{"href":"https:\/\/potravinarstvo.sk\/prax\/wp-json\/wp\/v2\/product\/1938","targetHints":{"allow":["GET"]}}],"collection":[{"href":"https:\/\/potravinarstvo.sk\/prax\/wp-json\/wp\/v2\/product"}],"about":[{"href":"https:\/\/potravinarstvo.sk\/prax\/wp-json\/wp\/v2\/types\/product"}],"wp:featuredmedia":[{"embeddable":true,"href":"https:\/\/potravinarstvo.sk\/prax\/wp-json\/wp\/v2\/media\/1985"}],"wp:attachment":[{"href":"https:\/\/potravinarstvo.sk\/prax\/wp-json\/wp\/v2\/media?parent=1938"}],"wp:term":[{"taxonomy":"product_brand","embeddable":true,"href":"https:\/\/potravinarstvo.sk\/prax\/wp-json\/wp\/v2\/product_brand?post=1938"},{"taxonomy":"product_cat","embeddable":true,"href":"https:\/\/potravinarstvo.sk\/prax\/wp-json\/wp\/v2\/product_cat?post=1938"},{"taxonomy":"product_tag","embeddable":true,"href":"https:\/\/potravinarstvo.sk\/prax\/wp-json\/wp\/v2\/product_tag?post=1938"}],"curies":[{"name":"wp","href":"https:\/\/api.w.org\/{rel}","templated":true}]}}