{"id":1939,"date":"2020-09-15T19:04:13","date_gmt":"2020-09-15T17:04:13","guid":{"rendered":"https:\/\/potravinarstvo.com\/prax\/produkt\/import-placeholder-for-1506\/"},"modified":"2020-09-17T10:46:37","modified_gmt":"2020-09-17T08:46:37","slug":"regionalna-veterinarna-a-potravinova-sprava-ziar-nad-hronom","status":"publish","type":"product","link":"https:\/\/potravinarstvo.sk\/prax\/produkt\/regionalna-veterinarna-a-potravinova-sprava-ziar-nad-hronom\/","title":{"rendered":"Region\u00e1lna veterin\u00e1rna a potravinov\u00e1 spr\u00e1va \u017diar nad Hronom"},"content":{"rendered":"<p>Odborn\u00e1 prax s in\u0161pektormi RVPS &#8211; pomoc pri spracov\u00e1van\u00ed inform\u00e1cii o v\u00fdsledkoch \u00faradnej kontroly potrav\u00edn, \u010dinnosti na \u00faseku odboru organiz\u00e1cie trhu, kontrola \u010derstv\u00e9ho ovocia a zeleniny, v\u00fdsledky kontrol ad hoc, vykon\u00e1vanie cielen\u00fdch\u00a0 kontrol, n\u00e1rodn\u00e9 spr\u00e1vy.<\/p>\n","protected":false},"excerpt":{"rendered":"<p>ul. SNP 612\/120, 965 01 \u017diar nad Hronom<br \/>\nlydiakemiacova@gmail.com<\/p>\n","protected":false},"featured_media":1508,"template":"","meta":[],"product_brand":[],"product_cat":[239],"product_tag":[312],"class_list":{"0":"post-1939","1":"product","2":"type-product","3":"status-publish","4":"has-post-thumbnail","6":"product_cat-statna-veterinarna-a-potravinova-sprava-sr-uradna-kontrola-potravin","7":"product_tag-odborna-prevadzkova-prax","9":"first","10":"instock","11":"taxable","12":"shipping-taxable","13":"product-type-simple"},"_links":{"self":[{"href":"https:\/\/potravinarstvo.sk\/prax\/wp-json\/wp\/v2\/product\/1939","targetHints":{"allow":["GET"]}}],"collection":[{"href":"https:\/\/potravinarstvo.sk\/prax\/wp-json\/wp\/v2\/product"}],"about":[{"href":"https:\/\/potravinarstvo.sk\/prax\/wp-json\/wp\/v2\/types\/product"}],"wp:featuredmedia":[{"embeddable":true,"href":"https:\/\/potravinarstvo.sk\/prax\/wp-json\/wp\/v2\/media\/1508"}],"wp:attachment":[{"href":"https:\/\/potravinarstvo.sk\/prax\/wp-json\/wp\/v2\/media?parent=1939"}],"wp:term":[{"taxonomy":"product_brand","embeddable":true,"href":"https:\/\/potravinarstvo.sk\/prax\/wp-json\/wp\/v2\/product_brand?post=1939"},{"taxonomy":"product_cat","embeddable":true,"href":"https:\/\/potravinarstvo.sk\/prax\/wp-json\/wp\/v2\/product_cat?post=1939"},{"taxonomy":"product_tag","embeddable":true,"href":"https:\/\/potravinarstvo.sk\/prax\/wp-json\/wp\/v2\/product_tag?post=1939"}],"curies":[{"name":"wp","href":"https:\/\/api.w.org\/{rel}","templated":true}]}}