{"id":1940,"date":"2020-09-15T19:04:13","date_gmt":"2020-09-15T17:04:13","guid":{"rendered":"https:\/\/potravinarstvo.com\/prax\/produkt\/import-placeholder-for-1526\/"},"modified":"2022-09-13T11:27:02","modified_gmt":"2022-09-13T09:27:02","slug":"andaco-s-r-o","status":"publish","type":"product","link":"https:\/\/potravinarstvo.sk\/prax\/produkt\/andaco-s-r-o\/","title":{"rendered":"ANDACO, s.r.o."},"content":{"rendered":"<p>Zaober\u00e1me sa v\u00fdrobou kvasenej kapusty.<\/p>\n<p>Prax \u0161tudenta spo\u010d\u00edva:<\/p>\n<p>pr\u00e1ca s HACCP\u00a0 &#8211; v\u00fdrobn\u00e9 postupy, \u0161pecifik\u00e1cie, rizik\u00e1<\/p>\n<p>intern\u00fd audit<\/p>\n<p>v\u00fdrobn\u00fd proces &#8211; postup, syst\u00e9m, skladovanie, exped\u00edcia,doprava<\/p>\n<p>spolupr\u00e1ca s odborn\u00fdm laborat\u00f3riom, vyhodnocovanie vzoriek<\/p>\n<p>kontrola kvality potrav\u00edn<\/p>\n<p>dokument\u00e1cia &#8211; administrat\u00edva, obchod, spolupr\u00e1ca s obchodn\u00fdmi re\u0165azcami<\/p>\n<p>&nbsp;<\/p>\n","protected":false},"excerpt":{"rendered":"<p>Nitrianska 99, 920 01 Hlohovec<br \/>\nandaco@stonline.sk<\/p>\n","protected":false},"featured_media":2232,"template":"","meta":[],"product_brand":[],"product_cat":[197],"product_tag":[312],"class_list":{"0":"post-1940","1":"product","2":"type-product","3":"status-publish","4":"has-post-thumbnail","6":"product_cat-agropotravinarstvo","7":"product_tag-odborna-prevadzkova-prax","9":"first","10":"instock","11":"taxable","12":"shipping-taxable","13":"product-type-simple"},"_links":{"self":[{"href":"https:\/\/potravinarstvo.sk\/prax\/wp-json\/wp\/v2\/product\/1940","targetHints":{"allow":["GET"]}}],"collection":[{"href":"https:\/\/potravinarstvo.sk\/prax\/wp-json\/wp\/v2\/product"}],"about":[{"href":"https:\/\/potravinarstvo.sk\/prax\/wp-json\/wp\/v2\/types\/product"}],"wp:featuredmedia":[{"embeddable":true,"href":"https:\/\/potravinarstvo.sk\/prax\/wp-json\/wp\/v2\/media\/2232"}],"wp:attachment":[{"href":"https:\/\/potravinarstvo.sk\/prax\/wp-json\/wp\/v2\/media?parent=1940"}],"wp:term":[{"taxonomy":"product_brand","embeddable":true,"href":"https:\/\/potravinarstvo.sk\/prax\/wp-json\/wp\/v2\/product_brand?post=1940"},{"taxonomy":"product_cat","embeddable":true,"href":"https:\/\/potravinarstvo.sk\/prax\/wp-json\/wp\/v2\/product_cat?post=1940"},{"taxonomy":"product_tag","embeddable":true,"href":"https:\/\/potravinarstvo.sk\/prax\/wp-json\/wp\/v2\/product_tag?post=1940"}],"curies":[{"name":"wp","href":"https:\/\/api.w.org\/{rel}","templated":true}]}}