{"id":2043,"date":"2020-10-05T14:24:22","date_gmt":"2020-10-05T12:24:22","guid":{"rendered":"https:\/\/potravinarstvo.com\/prax\/?post_type=product&#038;p=2043"},"modified":"2022-09-12T16:05:43","modified_gmt":"2022-09-12T14:05:43","slug":"frucona-kosice-a-s","status":"publish","type":"product","link":"https:\/\/potravinarstvo.sk\/prax\/produkt\/frucona-kosice-a-s\/","title":{"rendered":"Frucona Ko\u0161ice, a.s."},"content":{"rendered":"<p>V\u00fdroba a distrib\u00facia alkoholick\u00fdch a nealkoholick\u00fdch n\u00e1pojov a konzervovan\u00fdch potrav\u00edn.<\/p>\n<p>S\u00fa\u010dasn\u00e1 akciov\u00e1 spolo\u010dnos\u0165 FRUCONA Ko\u0161ice, a.s. vznikla v roku 1995 a odvtedy sa neust\u00e1le modernizuje a zdokona\u013euje. Spolo\u010dnos\u0165 nadviazala na v\u00fdrobu \u0161t\u00e1tneho podniku, pri\u010dom dovtedaj\u0161ia v\u00fdroba (liehov\u00edn, kvasenej kapusty, konzerv\u00e1rensk\u00fdch v\u00fdrobkov, octu) bola roz\u0161\u00edren\u00e1 o Tetra Pakov\u00e9 linky na 1 l a 0,25 l balenie \u0161tiav a n\u00e1pojov, ako aj o balenia s\u00fdten\u00fdch nealkoholick\u00fdch n\u00e1pojov bolo roz\u0161\u00edren\u00e9 okrem skla 1 l a 0,33 l do flia\u0161 PET 1,5 l a 0,5 l.<\/p>\n<p>&nbsp;<\/p>\n","protected":false},"excerpt":{"rendered":"<p>Textiln\u00e1 6, 042 62 Ko\u0161ice<\/p>\n<p>Email: frucona@frucona.sk<\/p>\n","protected":false},"featured_media":2204,"template":"","meta":[],"product_brand":[],"product_cat":[196],"product_tag":[312],"class_list":{"0":"post-2043","1":"product","2":"type-product","3":"status-publish","4":"has-post-thumbnail","6":"product_cat-potravinarstvo","7":"product_tag-odborna-prevadzkova-prax","9":"first","10":"instock","11":"taxable","12":"shipping-taxable","13":"product-type-simple"},"_links":{"self":[{"href":"https:\/\/potravinarstvo.sk\/prax\/wp-json\/wp\/v2\/product\/2043","targetHints":{"allow":["GET"]}}],"collection":[{"href":"https:\/\/potravinarstvo.sk\/prax\/wp-json\/wp\/v2\/product"}],"about":[{"href":"https:\/\/potravinarstvo.sk\/prax\/wp-json\/wp\/v2\/types\/product"}],"wp:featuredmedia":[{"embeddable":true,"href":"https:\/\/potravinarstvo.sk\/prax\/wp-json\/wp\/v2\/media\/2204"}],"wp:attachment":[{"href":"https:\/\/potravinarstvo.sk\/prax\/wp-json\/wp\/v2\/media?parent=2043"}],"wp:term":[{"taxonomy":"product_brand","embeddable":true,"href":"https:\/\/potravinarstvo.sk\/prax\/wp-json\/wp\/v2\/product_brand?post=2043"},{"taxonomy":"product_cat","embeddable":true,"href":"https:\/\/potravinarstvo.sk\/prax\/wp-json\/wp\/v2\/product_cat?post=2043"},{"taxonomy":"product_tag","embeddable":true,"href":"https:\/\/potravinarstvo.sk\/prax\/wp-json\/wp\/v2\/product_tag?post=2043"}],"curies":[{"name":"wp","href":"https:\/\/api.w.org\/{rel}","templated":true}]}}