{"id":2049,"date":"2020-11-15T09:41:48","date_gmt":"2020-11-15T08:41:48","guid":{"rendered":"https:\/\/potravinarstvo.com\/prax\/?post_type=product&#038;p=2049"},"modified":"2024-04-03T19:35:30","modified_gmt":"2024-04-03T17:35:30","slug":"gsk-consumer-healthcare-levice-s-r-o-934-05-levice","status":"publish","type":"product","link":"https:\/\/potravinarstvo.sk\/prax\/produkt\/gsk-consumer-healthcare-levice-s-r-o-934-05-levice\/","title":{"rendered":"Haleon Levice, s.r.o., 934 05 Levice"},"content":{"rendered":"<p><b><span lang=\"sk\">Haleon Levice, s.r.o.<\/span><\/b> je glob\u00e1lna vedecko-zdravotn\u00edcka spolo\u010dnos\u0165 so s\u00eddlom v Lond\u00fdne, ktor\u00e1 zamestn\u00e1va takmer 100 000 \u013eud\u00ed v 150 krajin\u00e1ch sveta. <b><span lang=\"sk\">Haleon Levice, s.r.o.<\/span><\/b> je stabiln\u00fd, dynamicky sa rozv\u00edjaj\u00faci v\u00fdrobn\u00fd z\u00e1vod v Leviciach s vy\u0161e 500 zamestnancami, ktor\u00fd sa m\u00f4\u017ee pochv\u00e1li\u0165 \u00faspe\u0161nou trad\u00edciou u\u017e od roku 1965. Zameriava sa na v\u00fdrobu produktov v oblasti starostlivosti o \u00fastnu hygienu. Vo svojom v\u00fdrobnom portf\u00f3liu m\u00e1 mnoh\u00e9 celosvetovo najvyh\u013ead\u00e1vanej\u0161ie zna\u010dky zubn\u00fdch p\u00e1st, ako napr\u00edklad Sensodyne, parodontax \u010di Aquafresh.<\/p>\n<p>Moment\u00e1lne nepon\u00faka prax<\/p>\n<p><strong>Pracovn\u00e9 ponuky rok 2024:<\/strong><\/p>\n<p>https:\/\/www.profesia.sk\/praca\/skupina-haleon-gsk\/O4654791?search_id=7a05b0f6-5821-4031-b1b4-3e3029ac0c35<\/p>\n","protected":false},"excerpt":{"rendered":"<p><b><span lang=\"sk\">Haleon Levice, s.r.o.<br aria-hidden=\"true\" \/><\/span><\/b><span lang=\"sk\">Priemyseln\u00fd park G\u00e9\u0148a;<\/span><\/p>\n<p><span lang=\"sk\">ul. E. Sachsa 4 &#8211; 6; 934 01 Levice; Slovakia<\/span><\/p>\n<p><span lang=\"sk\">\u00a0<\/span><\/p>\n<p>&nbsp;<\/p>\n","protected":false},"featured_media":2206,"template":"","meta":[],"product_brand":[],"product_cat":[207],"product_tag":[],"class_list":{"0":"post-2049","1":"product","2":"type-product","3":"status-publish","4":"has-post-thumbnail","6":"product_cat-laboratorna-diagnostika","8":"first","9":"instock","10":"taxable","11":"shipping-taxable","12":"product-type-simple"},"_links":{"self":[{"href":"https:\/\/potravinarstvo.sk\/prax\/wp-json\/wp\/v2\/product\/2049","targetHints":{"allow":["GET"]}}],"collection":[{"href":"https:\/\/potravinarstvo.sk\/prax\/wp-json\/wp\/v2\/product"}],"about":[{"href":"https:\/\/potravinarstvo.sk\/prax\/wp-json\/wp\/v2\/types\/product"}],"wp:featuredmedia":[{"embeddable":true,"href":"https:\/\/potravinarstvo.sk\/prax\/wp-json\/wp\/v2\/media\/2206"}],"wp:attachment":[{"href":"https:\/\/potravinarstvo.sk\/prax\/wp-json\/wp\/v2\/media?parent=2049"}],"wp:term":[{"taxonomy":"product_brand","embeddable":true,"href":"https:\/\/potravinarstvo.sk\/prax\/wp-json\/wp\/v2\/product_brand?post=2049"},{"taxonomy":"product_cat","embeddable":true,"href":"https:\/\/potravinarstvo.sk\/prax\/wp-json\/wp\/v2\/product_cat?post=2049"},{"taxonomy":"product_tag","embeddable":true,"href":"https:\/\/potravinarstvo.sk\/prax\/wp-json\/wp\/v2\/product_tag?post=2049"}],"curies":[{"name":"wp","href":"https:\/\/api.w.org\/{rel}","templated":true}]}}