{"id":2076,"date":"2021-03-16T20:45:44","date_gmt":"2021-03-16T19:45:44","guid":{"rendered":"https:\/\/potravinarstvo.com\/prax\/?post_type=product&#038;p=2076"},"modified":"2024-02-29T09:03:59","modified_gmt":"2024-02-29T08:03:59","slug":"vijofel-fit-meats-r-o","status":"publish","type":"product","link":"https:\/\/potravinarstvo.sk\/prax\/produkt\/vijofel-fit-meats-r-o\/","title":{"rendered":"VIJOFEL group s.r.o."},"content":{"rendered":"<p>Kontakt:labak@vijofelsk.sk<\/p>\n<p>N\u00e1pl\u0148 praxe by bola v z\u00e1vislosti od stup\u0148a \u0161t\u00fadia:<\/p>\n<p>\u0160tudenti ni\u017e\u0161\u00edch ro\u010dn\u00edkov \u2013 Bc.stupe\u0148: pr\u00edprava m\u00e4sov\u00fdch v\u00fdrobkov k exped\u00edci\u00ed a do bali\u010dky, ozna\u010dovanie v\u00fdrobkov.<\/p>\n<p>Vy\u0161\u0161ie ro\u010dn\u00edky- Ing.stupe\u0148:\u00a0 pomoc pri v\u00fdrobe m\u00e4sov\u00fdch v\u00fdrobkov, spracovanie vzoriek, v\u00fddaj obalov\u00fdch materi\u00e1lov s koren\u00edm, kontrola kvality v\u00fdrobkov.<\/p>\n<p>Po\u010det \u0161tudentov: 2 \u0161tudenti\/mesiac<\/p>\n","protected":false},"excerpt":{"rendered":"<p>Kontakt:labak@vijofelsk.sk N\u00e1pl\u0148 praxe by bola v z\u00e1vislosti od stup\u0148a \u0161t\u00fadia: \u0160tudenti ni\u017e\u0161\u00edch ro\u010dn\u00edkov \u2013 Bc.stupe\u0148: pr\u00edprava m\u00e4sov\u00fdch v\u00fdrobkov k exped\u00edci\u00ed a do bali\u010dky, ozna\u010dovanie v\u00fdrobkov. Vy\u0161\u0161ie ro\u010dn\u00edky- Ing.stupe\u0148:\u00a0 pomoc pri v\u00fdrobe m\u00e4sov\u00fdch v\u00fdrobkov, spracovanie vzoriek, v\u00fddaj obalov\u00fdch materi\u00e1lov s koren\u00edm, kontrola kvality v\u00fdrobkov. Po\u010det \u0161tudentov: 2 \u0161tudenti\/mesiac<\/p>\n","protected":false},"featured_media":2220,"template":"","meta":[],"product_brand":[],"product_cat":[234],"product_tag":[],"class_list":{"0":"post-2076","1":"product","2":"type-product","3":"status-publish","4":"has-post-thumbnail","6":"product_cat-maso-a-masove-vyrobky-potravinarstvo","8":"first","9":"instock","10":"taxable","11":"shipping-taxable","12":"product-type-simple"},"_links":{"self":[{"href":"https:\/\/potravinarstvo.sk\/prax\/wp-json\/wp\/v2\/product\/2076","targetHints":{"allow":["GET"]}}],"collection":[{"href":"https:\/\/potravinarstvo.sk\/prax\/wp-json\/wp\/v2\/product"}],"about":[{"href":"https:\/\/potravinarstvo.sk\/prax\/wp-json\/wp\/v2\/types\/product"}],"wp:featuredmedia":[{"embeddable":true,"href":"https:\/\/potravinarstvo.sk\/prax\/wp-json\/wp\/v2\/media\/2220"}],"wp:attachment":[{"href":"https:\/\/potravinarstvo.sk\/prax\/wp-json\/wp\/v2\/media?parent=2076"}],"wp:term":[{"taxonomy":"product_brand","embeddable":true,"href":"https:\/\/potravinarstvo.sk\/prax\/wp-json\/wp\/v2\/product_brand?post=2076"},{"taxonomy":"product_cat","embeddable":true,"href":"https:\/\/potravinarstvo.sk\/prax\/wp-json\/wp\/v2\/product_cat?post=2076"},{"taxonomy":"product_tag","embeddable":true,"href":"https:\/\/potravinarstvo.sk\/prax\/wp-json\/wp\/v2\/product_tag?post=2076"}],"curies":[{"name":"wp","href":"https:\/\/api.w.org\/{rel}","templated":true}]}}