{"id":2106,"date":"2021-05-13T21:03:54","date_gmt":"2021-05-13T19:03:54","guid":{"rendered":"https:\/\/potravinarstvo.com\/prax\/?post_type=product&#038;p=2106"},"modified":"2021-05-13T21:07:16","modified_gmt":"2021-05-13T19:07:16","slug":"maxim-pharm-s-r-o","status":"publish","type":"product","link":"https:\/\/potravinarstvo.sk\/prax\/produkt\/maxim-pharm-s-r-o\/","title":{"rendered":"Maxim Pharm s.r.o."},"content":{"rendered":"<p>Slovensk\u00e1 spolo\u010dnos\u0165 MAXIM PHARM, ktor\u00e1 uviedla na trh v roku 2016 \u00faspe\u0161n\u00fa a ob\u013e\u00faben\u00fa zna\u010dku v\u00fd\u017eivov\u00fdch doplnkov a funk\u010dn\u00fdch potrav\u00edn FIT4YOU, ktorej produkty sp\u013a\u0148aj\u00fa pr\u00edsne po\u017eiadavky na kvalitu pou\u017e\u00edvan\u00fdch surov\u00edn, v\u00fdrobn\u00fd proces a pridan\u00fa hodnotu pre z\u00e1kazn\u00edka ako s\u00fa nutri\u010dn\u00e1 vyv\u00e1\u017eenos\u0165, jednoduchos\u0165 a r\u00fdchlos\u0165 pr\u00edpravy pon\u00faka odborn\u00fa a prev\u00e1dzkov\u00fa prax pre \u0161tudentov FBP s mo\u017enos\u0165ou rie\u0161enia nasledovn\u00fdch \u00faloh:<\/p>\n<div dir=\"auto\">-mie\u0161anie such\u00fdch zmes\u00ed, homogeniz\u00e1cia<\/div>\n<div dir=\"auto\">-tvorba v\u00fdrobn\u00fdch denn\u00edkov a skladov\u00fdch kariet<\/div>\n<div dir=\"auto\">-invent\u00fara<\/div>\n<div dir=\"auto\">-detailn\u00e1 anal\u00fdza surov\u00edn (\u0161t\u00fadium produktov\u00fdch \u0161pecifik\u00e1ci\u00ed a anal\u00fdznych certifik\u00e1tov)<\/div>\n<div dir=\"auto\">-pr\u00edprava prev\u00e1dzky na v\u00fdrobn\u00fd proces<\/div>\n<div dir=\"auto\">-\u00fadr\u017eba technologick\u00fdch zariaden\u00ed<\/div>\n<div dir=\"auto\">-optimaliz\u00e1cia technologick\u00fdch zariaden\u00ed<\/div>\n<div dir=\"auto\">-marketing tla\u010dov\u00e9 m\u00e9dia a soci\u00e1lne siete<\/div>\n<div dir=\"auto\">-v\u00fdvoj nov\u00fdch produktov<\/div>\n<div dir=\"auto\">-anal\u00fdza obalov\u00fdch materi\u00e1lov<\/div>\n<div dir=\"auto\">-balenie zmes\u00ed do obalov a expedi\u010dn\u00fdch krab\u00edc<\/div>\n<div dir=\"auto\">-oslovovanie potenci\u00e1lnych odberate\u013eov<\/div>\n<div dir=\"auto\">-prieskumy trhu<\/div>\n<div dir=\"auto\">&#8211; skladov\u00e9 hospod\u00e1rstvo a faktur\u00e1cia<\/div>\n<div dir=\"auto\">-Tvorba textov a opis produktov v s\u00falade s povolen\u00fdmi tvrdeniami E\u00da<\/div>\n<div dir=\"auto\">-Komunik\u00e1cia s dod\u00e1vate\u013emi surov\u00edn a obalov\u00fdch materi\u00e1lov<\/div>\n<div dir=\"auto\">-N\u00e1vrh a tvorba etikiet v s\u00falade s legislat\u00edvnymi po\u017eiadavkami<\/div>\n<div dir=\"auto\">z\u00e1sady v\u00fdrobnej praxe v s\u00falade s IFS7<\/div>\n<div dir=\"auto\">-monitoring tepl\u00f4t, vlhkosti a v\u00fdskyt \u0161kodcov a hmyzu a i.<\/div>\n<p>&nbsp;<\/p>\n","protected":false},"excerpt":{"rendered":"<p><a href=\"mailto:marek.sarmir@maximpharm.eu\" target=\"_blank\" rel=\"noopener noreferrer\" data-auth=\"NotApplicable\" data-linkindex=\"2\">marek.sarmir@maximpharm.eu<\/a><\/p>\n<p>MAXIM PHARM s.r.o.<\/p>\n<table border=\"0\" width=\"270\" cellspacing=\"0\" cellpadding=\"0\">\n<tbody>\n<tr>\n<td>\u010cu\u010doriedkov\u00e1 15\/C, 821 07 Bratislava,<\/td>\n<\/tr>\n<tr>\n<td><a href=\"http:\/\/www.fit4you.fit\/\" target=\"_blank\" rel=\"noopener noreferrer\" data-auth=\"NotApplicable\" data-linkindex=\"3\">www.fit4you.fit<\/a><\/td>\n<\/tr>\n<\/tbody>\n<\/table>\n","protected":false},"featured_media":2107,"template":"","meta":[],"product_brand":[],"product_cat":[205,196],"product_tag":[],"class_list":{"0":"post-2106","1":"product","2":"type-product","3":"status-publish","4":"has-post-thumbnail","6":"product_cat-biotechnologia","7":"product_cat-potravinarstvo","9":"first","10":"instock","11":"taxable","12":"shipping-taxable","13":"product-type-simple"},"_links":{"self":[{"href":"https:\/\/potravinarstvo.sk\/prax\/wp-json\/wp\/v2\/product\/2106","targetHints":{"allow":["GET"]}}],"collection":[{"href":"https:\/\/potravinarstvo.sk\/prax\/wp-json\/wp\/v2\/product"}],"about":[{"href":"https:\/\/potravinarstvo.sk\/prax\/wp-json\/wp\/v2\/types\/product"}],"wp:featuredmedia":[{"embeddable":true,"href":"https:\/\/potravinarstvo.sk\/prax\/wp-json\/wp\/v2\/media\/2107"}],"wp:attachment":[{"href":"https:\/\/potravinarstvo.sk\/prax\/wp-json\/wp\/v2\/media?parent=2106"}],"wp:term":[{"taxonomy":"product_brand","embeddable":true,"href":"https:\/\/potravinarstvo.sk\/prax\/wp-json\/wp\/v2\/product_brand?post=2106"},{"taxonomy":"product_cat","embeddable":true,"href":"https:\/\/potravinarstvo.sk\/prax\/wp-json\/wp\/v2\/product_cat?post=2106"},{"taxonomy":"product_tag","embeddable":true,"href":"https:\/\/potravinarstvo.sk\/prax\/wp-json\/wp\/v2\/product_tag?post=2106"}],"curies":[{"name":"wp","href":"https:\/\/api.w.org\/{rel}","templated":true}]}}