{"id":2111,"date":"2021-07-07T14:06:40","date_gmt":"2021-07-07T12:06:40","guid":{"rendered":"https:\/\/potravinarstvo.com\/prax\/?post_type=product&#038;p=2111"},"modified":"2022-09-12T16:28:23","modified_gmt":"2022-09-12T14:28:23","slug":"vina-vinicola-sk-s-r-o","status":"publish","type":"product","link":"https:\/\/potravinarstvo.sk\/prax\/produkt\/vina-vinicola-sk-s-r-o\/","title":{"rendered":"VI\u0147A VINICOLA SK s.r.o."},"content":{"rendered":"<p>Pr\u00e1ce v pivnici : st\u00e1\u010danie v\u00edna, asistencia pri spracovan\u00ed<br \/>\nhrozna, starostlivos\u0165 o sudy, sanit\u00e1cia pivnice, analytick\u00e9 a senzorick\u00e9<br \/>\nhodnotenie v\u00edna<\/p>\n<p>Pr\u00e1ce vo vinohrade : zelen\u00e9 pr\u00e1ce vo vinohrade, rez a viazanie<br \/>\nvini\u010da, odber listov a p\u00f4dy na anal\u00fdzu<\/p>\n<p>Na\u0161a firma obhospodaruje 10 ha vin\u00edc vo Vr\u00e1bloch a 25 v Tehle, cel\u00fa \u00farodu<br \/>\nspracov\u00e1va vo vin\u00e1rstve PREDIUM vo Vr\u00e1bloch, pri ochrane vini\u010da<br \/>\nkladieme d\u00f4raz na biologick\u00fa a ekologick\u00fa ochranu.<\/p>\n<blockquote class=\"wp-embedded-content\" data-secret=\"6bjQCX7xJ6\"><p><a href=\"https:\/\/vinarstvopredium.sk\/\">Domov<\/a><\/p><\/blockquote>\n<p><iframe loading=\"lazy\" class=\"wp-embedded-content\" sandbox=\"allow-scripts\" security=\"restricted\" style=\"position: absolute; clip: rect(1px, 1px, 1px, 1px);\" title=\"&#8220;Domov&#8221; &#8212; Predium Vr\u00e1ble\" src=\"https:\/\/vinarstvopredium.sk\/embed\/#?secret=fVhjn9e9bH#?secret=6bjQCX7xJ6\" data-secret=\"6bjQCX7xJ6\" width=\"600\" height=\"338\" frameborder=\"0\" marginwidth=\"0\" marginheight=\"0\" scrolling=\"no\"><\/iframe><\/p>\n","protected":false},"excerpt":{"rendered":"<p>marian.burieta@vinicola.eu<\/p>\n","protected":false},"featured_media":2221,"template":"","meta":[],"product_brand":[],"product_cat":[240],"product_tag":[],"class_list":{"0":"post-2111","1":"product","2":"type-product","3":"status-publish","4":"has-post-thumbnail","6":"product_cat-vino-potravinarstvo","8":"first","9":"instock","10":"taxable","11":"shipping-taxable","12":"product-type-simple"},"_links":{"self":[{"href":"https:\/\/potravinarstvo.sk\/prax\/wp-json\/wp\/v2\/product\/2111","targetHints":{"allow":["GET"]}}],"collection":[{"href":"https:\/\/potravinarstvo.sk\/prax\/wp-json\/wp\/v2\/product"}],"about":[{"href":"https:\/\/potravinarstvo.sk\/prax\/wp-json\/wp\/v2\/types\/product"}],"wp:featuredmedia":[{"embeddable":true,"href":"https:\/\/potravinarstvo.sk\/prax\/wp-json\/wp\/v2\/media\/2221"}],"wp:attachment":[{"href":"https:\/\/potravinarstvo.sk\/prax\/wp-json\/wp\/v2\/media?parent=2111"}],"wp:term":[{"taxonomy":"product_brand","embeddable":true,"href":"https:\/\/potravinarstvo.sk\/prax\/wp-json\/wp\/v2\/product_brand?post=2111"},{"taxonomy":"product_cat","embeddable":true,"href":"https:\/\/potravinarstvo.sk\/prax\/wp-json\/wp\/v2\/product_cat?post=2111"},{"taxonomy":"product_tag","embeddable":true,"href":"https:\/\/potravinarstvo.sk\/prax\/wp-json\/wp\/v2\/product_tag?post=2111"}],"curies":[{"name":"wp","href":"https:\/\/api.w.org\/{rel}","templated":true}]}}