{"id":2168,"date":"2022-04-29T21:37:58","date_gmt":"2022-04-29T19:37:58","guid":{"rendered":"https:\/\/potravinarstvo.sk\/prax\/?post_type=product&#038;p=2168"},"modified":"2022-04-29T21:38:53","modified_gmt":"2022-04-29T19:38:53","slug":"nuttery","status":"publish","type":"product","link":"https:\/\/potravinarstvo.sk\/prax\/produkt\/nuttery\/","title":{"rendered":"Nuttery"},"content":{"rendered":"<div>Prax pre \u0161tudentov FBP:<\/div>\n<div>&#8211; pomoc pri v\u00fdrobe<\/div>\n<div>&#8211; mana\u017e\u00e9r prev\u00e1dzkov\u00e9ho obchodu<\/div>\n<div>&#8211; marketing a predaj<\/div>\n<div aria-hidden=\"true\"><\/div>\n<div>kontaktn\u00e1 osoba : Ing. Zuzana Svore\u0148ov\u00e1 &#8211; 0917 236 390 , <a href=\"mailto:zuzana@nuttery.sk\" target=\"_blank\" rel=\"noopener noreferrer\" data-auth=\"NotApplicable\" data-linkindex=\"0\">zuzana@nuttery.sk<\/a><\/div>\n<div><\/div>\n<div>Radlinsk\u00e9ho 1714<br \/>\n026 01 Doln\u00fd Kub\u00edn<\/div>\n","protected":false},"excerpt":{"rendered":"<p>Prax pre \u0161tudentov FBP: &#8211; pomoc pri v\u00fdrobe &#8211; mana\u017e\u00e9r prev\u00e1dzkov\u00e9ho obchodu &#8211; marketing a predaj kontaktn\u00e1 osoba : Ing. Zuzana Svore\u0148ov\u00e1 &#8211; 0917 236 390 , zuzana@nuttery.sk Radlinsk\u00e9ho 1714 026 01 Doln\u00fd Kub\u00edn<\/p>\n","protected":false},"featured_media":2169,"template":"","meta":[],"product_brand":[],"product_cat":[196],"product_tag":[],"class_list":{"0":"post-2168","1":"product","2":"type-product","3":"status-publish","4":"has-post-thumbnail","6":"product_cat-potravinarstvo","8":"first","9":"instock","10":"taxable","11":"shipping-taxable","12":"product-type-simple"},"_links":{"self":[{"href":"https:\/\/potravinarstvo.sk\/prax\/wp-json\/wp\/v2\/product\/2168","targetHints":{"allow":["GET"]}}],"collection":[{"href":"https:\/\/potravinarstvo.sk\/prax\/wp-json\/wp\/v2\/product"}],"about":[{"href":"https:\/\/potravinarstvo.sk\/prax\/wp-json\/wp\/v2\/types\/product"}],"wp:featuredmedia":[{"embeddable":true,"href":"https:\/\/potravinarstvo.sk\/prax\/wp-json\/wp\/v2\/media\/2169"}],"wp:attachment":[{"href":"https:\/\/potravinarstvo.sk\/prax\/wp-json\/wp\/v2\/media?parent=2168"}],"wp:term":[{"taxonomy":"product_brand","embeddable":true,"href":"https:\/\/potravinarstvo.sk\/prax\/wp-json\/wp\/v2\/product_brand?post=2168"},{"taxonomy":"product_cat","embeddable":true,"href":"https:\/\/potravinarstvo.sk\/prax\/wp-json\/wp\/v2\/product_cat?post=2168"},{"taxonomy":"product_tag","embeddable":true,"href":"https:\/\/potravinarstvo.sk\/prax\/wp-json\/wp\/v2\/product_tag?post=2168"}],"curies":[{"name":"wp","href":"https:\/\/api.w.org\/{rel}","templated":true}]}}