{"id":2173,"date":"2022-05-05T10:55:54","date_gmt":"2022-05-05T08:55:54","guid":{"rendered":"https:\/\/potravinarstvo.sk\/prax\/?post_type=product&#038;p=2173"},"modified":"2022-05-05T10:55:55","modified_gmt":"2022-05-05T08:55:55","slug":"symptomedica-s-r-o","status":"publish","type":"product","link":"https:\/\/potravinarstvo.sk\/prax\/produkt\/symptomedica-s-r-o\/","title":{"rendered":"Symptomedica s.r.o.:"},"content":{"rendered":"<p>Na s\u00fakromn\u00fa kliniku v Bratislave, ktor\u00e1 sa zaober\u00e1 diagnostikou a lie\u010dbou \u010drevn\u00e9ho mikrobi\u00f3mu h\u013ead\u00e1me brig\u00e1dnika na p\u00e1r hod\u00edn t\u00fd\u017edenne \/cca 4 hod denne , 3-4 dni v t\u00fd\u017edni v dopolud\u0148aj\u0161\u00edch hodin\u00e1ch\/. Z\u00e1ujemca m\u00f4\u017ee by\u0165 absolvent\/\u0161tudent odboru asistent v\u00fd\u017eivy. Honor\u00e1r 5e\/hod.<\/p>\n<p>Ide o pr\u00e1cu na recepcii.<br \/>\nV pr\u00edpade z\u00e1ujmu n\u00e1s kontaktujte na :<br \/>\noffice@symptomedica.com<br \/>\nalebo na telef.\u010d.: 0948 521 301<\/p>\n","protected":false},"excerpt":{"rendered":"<p>Na s\u00fakromn\u00fa kliniku v Bratislave, ktor\u00e1 sa zaober\u00e1 diagnostikou a lie\u010dbou \u010drevn\u00e9ho mikrobi\u00f3mu h\u013ead\u00e1me brig\u00e1dnika na p\u00e1r hod\u00edn t\u00fd\u017edenne \/cca 4 hod denne , 3-4 dni v t\u00fd\u017edni v dopolud\u0148aj\u0161\u00edch hodin\u00e1ch\/. Z\u00e1ujemca m\u00f4\u017ee by\u0165 absolvent\/\u0161tudent odboru asistent v\u00fd\u017eivy. Honor\u00e1r 5e\/hod. Ide o pr\u00e1cu na recepcii. V pr\u00edpade z\u00e1ujmu n\u00e1s kontaktujte na : office@symptomedica.com alebo na [&hellip;]<\/p>\n","protected":false},"featured_media":2174,"template":"","meta":[],"product_brand":[],"product_cat":[16],"product_tag":[],"class_list":{"0":"post-2173","1":"product","2":"type-product","3":"status-publish","4":"has-post-thumbnail","6":"product_cat-nezaradene","8":"first","9":"instock","10":"taxable","11":"shipping-taxable","12":"product-type-simple"},"_links":{"self":[{"href":"https:\/\/potravinarstvo.sk\/prax\/wp-json\/wp\/v2\/product\/2173","targetHints":{"allow":["GET"]}}],"collection":[{"href":"https:\/\/potravinarstvo.sk\/prax\/wp-json\/wp\/v2\/product"}],"about":[{"href":"https:\/\/potravinarstvo.sk\/prax\/wp-json\/wp\/v2\/types\/product"}],"wp:featuredmedia":[{"embeddable":true,"href":"https:\/\/potravinarstvo.sk\/prax\/wp-json\/wp\/v2\/media\/2174"}],"wp:attachment":[{"href":"https:\/\/potravinarstvo.sk\/prax\/wp-json\/wp\/v2\/media?parent=2173"}],"wp:term":[{"taxonomy":"product_brand","embeddable":true,"href":"https:\/\/potravinarstvo.sk\/prax\/wp-json\/wp\/v2\/product_brand?post=2173"},{"taxonomy":"product_cat","embeddable":true,"href":"https:\/\/potravinarstvo.sk\/prax\/wp-json\/wp\/v2\/product_cat?post=2173"},{"taxonomy":"product_tag","embeddable":true,"href":"https:\/\/potravinarstvo.sk\/prax\/wp-json\/wp\/v2\/product_tag?post=2173"}],"curies":[{"name":"wp","href":"https:\/\/api.w.org\/{rel}","templated":true}]}}