{"id":2312,"date":"2024-11-28T15:37:04","date_gmt":"2024-11-28T14:37:04","guid":{"rendered":"https:\/\/potravinarstvo.sk\/prax\/?post_type=product&#038;p=2312"},"modified":"2024-11-28T15:37:04","modified_gmt":"2024-11-28T14:37:04","slug":"eu-poultry-s-r-o-2","status":"publish","type":"product","link":"https:\/\/potravinarstvo.sk\/prax\/produkt\/eu-poultry-s-r-o-2\/","title":{"rendered":"EU Poultry s.r.o."},"content":{"rendered":"<h2>Spracovanie m\u00e4sa<\/h2>\n<div>\n<div>\n<div>Pomocou v\u00fdrobn\u00fdch zariaden\u00ed sa kuracie m\u00e4so spracov\u00e1va, nakr\u00e1ja sa a vykost\u00ed sa, \u010do umo\u017e\u0148uje v\u00fdskyt nasleduj\u00facich v\u00fdrobkov:<\/div>\n<\/div>\n<ul>\n<li>\n<div>kuracie kr\u00eddla;<\/div>\n<\/li>\n<li>\n<div>kuracie spodn\u00e9 stehn\u00e1;<\/div>\n<\/li>\n<li>kuracie prsia;<\/li>\n<li>\n<div>vn\u00fatorn\u00e9 filety a pod.<\/div>\n<\/li>\n<\/ul>\n<div>Na v\u00fdrobu polovaren\u00e9ho (marinovan\u00e9ho) kuracieho m\u00e4sa sa m\u00f4\u017ee vykona\u0165 nejak\u00e9 \u010fal\u0161ie spracovanie.<\/div>\n<div>V\u00fdrobky s\u00fa chladen\u00e9 alebo mrazen\u00e9 pod\u013ea po\u017eiadaviek z\u00e1kazn\u00edka.<\/div>\n<\/div>\n<p>&nbsp;<\/p>\n<h2><img decoding=\"async\" src=\"https:\/\/poultryeu.eu\/upload\/image\/iconmonstr_shipping_box_8_96.png\" alt=\"\" \/>Balenie<\/h2>\n<p>Kone\u010dne spracovan\u00e9 m\u00e4so sa bal\u00ed do:<\/p>\n<ul>\n<li>Ve\u013ekoobjemov\u00fdch boxov;<\/li>\n<li>Podnosov MAP;<\/li>\n<li>V\u00e1kuov\u00fdch obalov.<\/li>\n<\/ul>\n<p>&nbsp;<\/p>\n<h2><img decoding=\"async\" src=\"https:\/\/poultryeu.eu\/upload\/image\/iconmonstr_delivery_10_96.png\" alt=\"\" \/>Kontrola kvality<\/h2>\n<p>Vo v\u0161etk\u00fdch f\u00e1zach v\u00fdroby uplat\u0148ujeme postupy zabezpe\u010denia kvality.<br \/>\nKuracie m\u00e4so sa okrem ostatn\u00fdch postupov kontroly kvality testuje na ak\u00e9ko\u013evek potenci\u00e1lne nebezpe\u010dn\u00e9 bakt\u00e9rie, ako je napr\u00edklad Salmonella.<\/p>\n","protected":false},"excerpt":{"rendered":"<p>Kontakt: b.klenova@poultryeu.eu<\/p>\n","protected":false},"featured_media":2313,"template":"","meta":[],"product_brand":[],"product_cat":[16],"product_tag":[],"class_list":{"0":"post-2312","1":"product","2":"type-product","3":"status-publish","4":"has-post-thumbnail","6":"product_cat-nezaradene","8":"first","9":"instock","10":"taxable","11":"shipping-taxable","12":"product-type-simple"},"_links":{"self":[{"href":"https:\/\/potravinarstvo.sk\/prax\/wp-json\/wp\/v2\/product\/2312","targetHints":{"allow":["GET"]}}],"collection":[{"href":"https:\/\/potravinarstvo.sk\/prax\/wp-json\/wp\/v2\/product"}],"about":[{"href":"https:\/\/potravinarstvo.sk\/prax\/wp-json\/wp\/v2\/types\/product"}],"wp:featuredmedia":[{"embeddable":true,"href":"https:\/\/potravinarstvo.sk\/prax\/wp-json\/wp\/v2\/media\/2313"}],"wp:attachment":[{"href":"https:\/\/potravinarstvo.sk\/prax\/wp-json\/wp\/v2\/media?parent=2312"}],"wp:term":[{"taxonomy":"product_brand","embeddable":true,"href":"https:\/\/potravinarstvo.sk\/prax\/wp-json\/wp\/v2\/product_brand?post=2312"},{"taxonomy":"product_cat","embeddable":true,"href":"https:\/\/potravinarstvo.sk\/prax\/wp-json\/wp\/v2\/product_cat?post=2312"},{"taxonomy":"product_tag","embeddable":true,"href":"https:\/\/potravinarstvo.sk\/prax\/wp-json\/wp\/v2\/product_tag?post=2312"}],"curies":[{"name":"wp","href":"https:\/\/api.w.org\/{rel}","templated":true}]}}